{"id":10249,"date":"2022-12-19T12:27:24","date_gmt":"2022-12-19T10:27:24","guid":{"rendered":"https:\/\/thirsty-elbakyan.194-164-170-140.plesk.page\/?post_type=product&#038;p=10249"},"modified":"2022-12-19T12:32:40","modified_gmt":"2022-12-19T10:32:40","slug":"pulsera-plata-eslabon-rolo-2","status":"publish","type":"product","link":"https:\/\/thirsty-elbakyan.194-164-170-140.plesk.page\/?product=pulsera-plata-eslabon-rolo-2","title":{"rendered":"Pulsera plata eslab\u00f3n rol\u00f3"},"content":{"rendered":"<p>Pulsera plata eslab\u00f3n rol\u00f3<\/p>\n<p>En plata de ley<\/p>\n<p>Medida de largo 19 cm.<\/p>\n<p>Medida de ancho 4,36 mm.<\/p>\n<p>Cierre mosquet\u00f3n<\/p>\n<p>Se env\u00eda con caja, papel de regalo y pegatina<\/p>\n","protected":false},"excerpt":{"rendered":"<p><strong>PULSERA ESLABON ROLO<\/strong><\/p>\n","protected":false},"featured_media":10247,"template":"","meta":[],"product_brand":[],"product_cat":[21,59,96],"product_tag":[647,1780,245,249],"class_list":{"0":"post-10249","1":"product","2":"type-product","3":"status-publish","4":"has-post-thumbnail","6":"product_cat-plata","7":"product_cat-pulseras-plata","8":"product_cat-sin-piedras","9":"product_tag-de-ley","10":"product_tag-eslabon-rolo","11":"product_tag-plata","12":"product_tag-pulsera","14":"first","15":"instock","16":"taxable","17":"shipping-taxable","18":"purchasable","19":"product-type-simple"},"_links":{"self":[{"href":"https:\/\/thirsty-elbakyan.194-164-170-140.plesk.page\/index.php?rest_route=\/wp\/v2\/product\/10249","targetHints":{"allow":["GET"]}}],"collection":[{"href":"https:\/\/thirsty-elbakyan.194-164-170-140.plesk.page\/index.php?rest_route=\/wp\/v2\/product"}],"about":[{"href":"https:\/\/thirsty-elbakyan.194-164-170-140.plesk.page\/index.php?rest_route=\/wp\/v2\/types\/product"}],"wp:featuredmedia":[{"embeddable":true,"href":"https:\/\/thirsty-elbakyan.194-164-170-140.plesk.page\/index.php?rest_route=\/wp\/v2\/media\/10247"}],"wp:attachment":[{"href":"https:\/\/thirsty-elbakyan.194-164-170-140.plesk.page\/index.php?rest_route=%2Fwp%2Fv2%2Fmedia&parent=10249"}],"wp:term":[{"taxonomy":"product_brand","embeddable":true,"href":"https:\/\/thirsty-elbakyan.194-164-170-140.plesk.page\/index.php?rest_route=%2Fwp%2Fv2%2Fproduct_brand&post=10249"},{"taxonomy":"product_cat","embeddable":true,"href":"https:\/\/thirsty-elbakyan.194-164-170-140.plesk.page\/index.php?rest_route=%2Fwp%2Fv2%2Fproduct_cat&post=10249"},{"taxonomy":"product_tag","embeddable":true,"href":"https:\/\/thirsty-elbakyan.194-164-170-140.plesk.page\/index.php?rest_route=%2Fwp%2Fv2%2Fproduct_tag&post=10249"}],"curies":[{"name":"wp","href":"https:\/\/api.w.org\/{rel}","templated":true}]}}