{"id":10889,"date":"2023-03-17T20:06:11","date_gmt":"2023-03-17T18:06:11","guid":{"rendered":"https:\/\/thirsty-elbakyan.194-164-170-140.plesk.page\/?post_type=product&#038;p=10889"},"modified":"2023-03-17T20:08:01","modified_gmt":"2023-03-17T18:08:01","slug":"pulsera-comunion-plata-y-macrame","status":"publish","type":"product","link":"https:\/\/thirsty-elbakyan.194-164-170-140.plesk.page\/?product=pulsera-comunion-plata-y-macrame","title":{"rendered":"Pulsera Comuni\u00f3n plata y macram\u00e9"},"content":{"rendered":"<p>Pulsera Comuni\u00f3n plata y macram\u00e9<\/p>\n<p>Chapa en plata de ley<\/p>\n<p>Se env\u00eda en caja, papel de regalo y pegatina<\/p>\n","protected":false},"excerpt":{"rendered":"<p><strong>PULSERA COMUNION ROSA<\/strong><\/p>\n","protected":false},"featured_media":10892,"template":"","meta":[],"product_brand":[],"product_cat":[98,69,21,99,102,59,96],"product_tag":[247,245,249,485],"class_list":{"0":"post-10889","1":"product","2":"type-product","3":"status-publish","4":"has-post-thumbnail","6":"product_cat-comunion","7":"product_cat-comunion-plata","8":"product_cat-plata","9":"product_cat-plata-comunion","10":"product_cat-pulseras-plata-comunion","11":"product_cat-pulseras-plata","12":"product_cat-sin-piedras","13":"product_tag-comunion","14":"product_tag-plata","15":"product_tag-pulsera","16":"product_tag-rosa","18":"first","19":"instock","20":"taxable","21":"shipping-taxable","22":"purchasable","23":"product-type-simple"},"_links":{"self":[{"href":"https:\/\/thirsty-elbakyan.194-164-170-140.plesk.page\/index.php?rest_route=\/wp\/v2\/product\/10889","targetHints":{"allow":["GET"]}}],"collection":[{"href":"https:\/\/thirsty-elbakyan.194-164-170-140.plesk.page\/index.php?rest_route=\/wp\/v2\/product"}],"about":[{"href":"https:\/\/thirsty-elbakyan.194-164-170-140.plesk.page\/index.php?rest_route=\/wp\/v2\/types\/product"}],"wp:featuredmedia":[{"embeddable":true,"href":"https:\/\/thirsty-elbakyan.194-164-170-140.plesk.page\/index.php?rest_route=\/wp\/v2\/media\/10892"}],"wp:attachment":[{"href":"https:\/\/thirsty-elbakyan.194-164-170-140.plesk.page\/index.php?rest_route=%2Fwp%2Fv2%2Fmedia&parent=10889"}],"wp:term":[{"taxonomy":"product_brand","embeddable":true,"href":"https:\/\/thirsty-elbakyan.194-164-170-140.plesk.page\/index.php?rest_route=%2Fwp%2Fv2%2Fproduct_brand&post=10889"},{"taxonomy":"product_cat","embeddable":true,"href":"https:\/\/thirsty-elbakyan.194-164-170-140.plesk.page\/index.php?rest_route=%2Fwp%2Fv2%2Fproduct_cat&post=10889"},{"taxonomy":"product_tag","embeddable":true,"href":"https:\/\/thirsty-elbakyan.194-164-170-140.plesk.page\/index.php?rest_route=%2Fwp%2Fv2%2Fproduct_tag&post=10889"}],"curies":[{"name":"wp","href":"https:\/\/api.w.org\/{rel}","templated":true}]}}