{"id":10894,"date":"2023-03-17T20:25:17","date_gmt":"2023-03-17T18:25:17","guid":{"rendered":"https:\/\/thirsty-elbakyan.194-164-170-140.plesk.page\/?post_type=product&#038;p=10894"},"modified":"2024-03-20T19:57:54","modified_gmt":"2024-03-20T17:57:54","slug":"colgante-plata-nina-de-comunion","status":"publish","type":"product","link":"https:\/\/thirsty-elbakyan.194-164-170-140.plesk.page\/?product=colgante-plata-nina-de-comunion","title":{"rendered":"Colgante plata ni\u00f1a de Comuni\u00f3n"},"content":{"rendered":"<p>Colgante plata ni\u00f1a de Comuni\u00f3n<\/p>\n<p>En plata de ley<\/p>\n<p>Medidas 18 x 9 mm.<\/p>\n<p>Se env\u00eda en caja, papel de regalo y pegatina<\/p>\n","protected":false},"excerpt":{"rendered":"<p><strong>COLGANTE NI\u00d1A DE COMUNION<\/strong><\/p>\n","protected":false},"featured_media":10890,"template":"","meta":[],"product_brand":[],"product_cat":[49,85,98,69,88,99,21],"product_tag":[253,247,647,242,245],"class_list":{"0":"post-10894","1":"product","2":"type-product","3":"status-publish","4":"has-post-thumbnail","6":"product_cat-colgantes-plata","7":"product_cat-colgantes-plata-2","8":"product_cat-comunion","9":"product_cat-comunion-plata","10":"product_cat-liso","11":"product_cat-plata-comunion","12":"product_cat-plata","13":"product_tag-colgante","14":"product_tag-comunion","15":"product_tag-de-ley","16":"product_tag-nina","17":"product_tag-plata","19":"first","20":"instock","21":"taxable","22":"shipping-taxable","23":"purchasable","24":"product-type-simple"},"_links":{"self":[{"href":"https:\/\/thirsty-elbakyan.194-164-170-140.plesk.page\/index.php?rest_route=\/wp\/v2\/product\/10894","targetHints":{"allow":["GET"]}}],"collection":[{"href":"https:\/\/thirsty-elbakyan.194-164-170-140.plesk.page\/index.php?rest_route=\/wp\/v2\/product"}],"about":[{"href":"https:\/\/thirsty-elbakyan.194-164-170-140.plesk.page\/index.php?rest_route=\/wp\/v2\/types\/product"}],"wp:featuredmedia":[{"embeddable":true,"href":"https:\/\/thirsty-elbakyan.194-164-170-140.plesk.page\/index.php?rest_route=\/wp\/v2\/media\/10890"}],"wp:attachment":[{"href":"https:\/\/thirsty-elbakyan.194-164-170-140.plesk.page\/index.php?rest_route=%2Fwp%2Fv2%2Fmedia&parent=10894"}],"wp:term":[{"taxonomy":"product_brand","embeddable":true,"href":"https:\/\/thirsty-elbakyan.194-164-170-140.plesk.page\/index.php?rest_route=%2Fwp%2Fv2%2Fproduct_brand&post=10894"},{"taxonomy":"product_cat","embeddable":true,"href":"https:\/\/thirsty-elbakyan.194-164-170-140.plesk.page\/index.php?rest_route=%2Fwp%2Fv2%2Fproduct_cat&post=10894"},{"taxonomy":"product_tag","embeddable":true,"href":"https:\/\/thirsty-elbakyan.194-164-170-140.plesk.page\/index.php?rest_route=%2Fwp%2Fv2%2Fproduct_tag&post=10894"}],"curies":[{"name":"wp","href":"https:\/\/api.w.org\/{rel}","templated":true}]}}