{"id":12148,"date":"2024-01-19T13:50:44","date_gmt":"2024-01-19T11:50:44","guid":{"rendered":"https:\/\/thirsty-elbakyan.194-164-170-140.plesk.page\/?post_type=product&#038;p=12148"},"modified":"2024-10-26T18:51:11","modified_gmt":"2024-10-26T16:51:11","slug":"pulsera-oro-cordon-salomonico","status":"publish","type":"product","link":"https:\/\/thirsty-elbakyan.194-164-170-140.plesk.page\/?product=pulsera-oro-cordon-salomonico","title":{"rendered":"Pulsera oro cord\u00f3n salom\u00f3nico"},"content":{"rendered":"<p><strong>Pulsera oro cord\u00f3n salom\u00f3nico<\/strong><\/p>\n<p><strong>En oro de ley de 18 kilates<\/strong><\/p>\n<p><strong>Medida de larga 19 cm.<\/strong><\/p>\n<p><strong>Medida de ancha 3 mm.<\/strong><\/p>\n<p><strong>Peso 2.05 gr.<\/strong><\/p>\n<p><strong>Sistema de cierre mosquet\u00f3n<\/strong><\/p>\n<p><strong>Se env\u00eda en caja y papel de regalo<\/strong><\/p>\n","protected":false},"excerpt":{"rendered":"<p><strong>PULSERA CORDON ORO<\/strong><\/p>\n<p><strong>ENVIO GRATIS<\/strong><\/p>\n","protected":false},"featured_media":12142,"template":"","meta":[],"product_brand":[],"product_cat":[98,100,20,236,420,126],"product_tag":[997,649,584,244,249,380],"class_list":{"0":"post-12148","1":"product","2":"type-product","3":"status-publish","4":"has-post-thumbnail","6":"product_cat-comunion","7":"product_cat-oro-comunion","8":"product_cat-oro","9":"product_cat-pulseras-oro-amarillo","10":"product_cat-pulseras-oro-comunion","11":"product_cat-pulseras-oro","12":"product_tag-18-quilates","13":"product_tag-cordon","14":"product_tag-mosqueton","15":"product_tag-oro","16":"product_tag-pulsera","17":"product_tag-salomonico","19":"first","20":"instock","21":"taxable","22":"shipping-taxable","23":"purchasable","24":"product-type-simple"},"_links":{"self":[{"href":"https:\/\/thirsty-elbakyan.194-164-170-140.plesk.page\/index.php?rest_route=\/wp\/v2\/product\/12148","targetHints":{"allow":["GET"]}}],"collection":[{"href":"https:\/\/thirsty-elbakyan.194-164-170-140.plesk.page\/index.php?rest_route=\/wp\/v2\/product"}],"about":[{"href":"https:\/\/thirsty-elbakyan.194-164-170-140.plesk.page\/index.php?rest_route=\/wp\/v2\/types\/product"}],"wp:featuredmedia":[{"embeddable":true,"href":"https:\/\/thirsty-elbakyan.194-164-170-140.plesk.page\/index.php?rest_route=\/wp\/v2\/media\/12142"}],"wp:attachment":[{"href":"https:\/\/thirsty-elbakyan.194-164-170-140.plesk.page\/index.php?rest_route=%2Fwp%2Fv2%2Fmedia&parent=12148"}],"wp:term":[{"taxonomy":"product_brand","embeddable":true,"href":"https:\/\/thirsty-elbakyan.194-164-170-140.plesk.page\/index.php?rest_route=%2Fwp%2Fv2%2Fproduct_brand&post=12148"},{"taxonomy":"product_cat","embeddable":true,"href":"https:\/\/thirsty-elbakyan.194-164-170-140.plesk.page\/index.php?rest_route=%2Fwp%2Fv2%2Fproduct_cat&post=12148"},{"taxonomy":"product_tag","embeddable":true,"href":"https:\/\/thirsty-elbakyan.194-164-170-140.plesk.page\/index.php?rest_route=%2Fwp%2Fv2%2Fproduct_tag&post=12148"}],"curies":[{"name":"wp","href":"https:\/\/api.w.org\/{rel}","templated":true}]}}