{"id":12369,"date":"2024-02-27T14:11:06","date_gmt":"2024-02-27T12:11:06","guid":{"rendered":"https:\/\/thirsty-elbakyan.194-164-170-140.plesk.page\/?post_type=product&#038;p=12369"},"modified":"2024-02-27T14:39:21","modified_gmt":"2024-02-27T12:39:21","slug":"marcapaginas-dia-del-padre","status":"publish","type":"product","link":"https:\/\/thirsty-elbakyan.194-164-170-140.plesk.page\/?product=marcapaginas-dia-del-padre","title":{"rendered":"Marcap\u00e1ginas Dia del Padre"},"content":{"rendered":"<p>Marcap\u00e1ginas Dia del Padre<\/p>\n<p>En acero<\/p>\n<p>Con la inscripci\u00f3n: Pap\u00e1 gracias por ense\u00f1arme todo lo que soy<\/p>\n<p>Medidas 80 x 30 mm<\/p>\n<p>Se puede grabar por detr\u00e1s nombre y fecha<\/p>\n<p>Se env\u00eda en caja y papel de regalo<\/p>\n","protected":false},"excerpt":{"rendered":"<p><strong>MARCAPAGINAS<\/strong><\/p>\n","protected":false},"featured_media":12372,"template":"","meta":[],"product_brand":[],"product_cat":[23,886],"product_tag":[246,1619,2010,2011],"class_list":{"0":"post-12369","1":"product","2":"type-product","3":"status-publish","4":"has-post-thumbnail","6":"product_cat-acero","7":"product_cat-colgantes","8":"product_tag-acero","9":"product_tag-dia-del-padre","10":"product_tag-marcapaginas","11":"product_tag-para-el-padre","12":"wcpa_has_options","14":"first","15":"instock","16":"taxable","17":"shipping-taxable","18":"purchasable","19":"product-type-simple"},"_links":{"self":[{"href":"https:\/\/thirsty-elbakyan.194-164-170-140.plesk.page\/index.php?rest_route=\/wp\/v2\/product\/12369","targetHints":{"allow":["GET"]}}],"collection":[{"href":"https:\/\/thirsty-elbakyan.194-164-170-140.plesk.page\/index.php?rest_route=\/wp\/v2\/product"}],"about":[{"href":"https:\/\/thirsty-elbakyan.194-164-170-140.plesk.page\/index.php?rest_route=\/wp\/v2\/types\/product"}],"wp:featuredmedia":[{"embeddable":true,"href":"https:\/\/thirsty-elbakyan.194-164-170-140.plesk.page\/index.php?rest_route=\/wp\/v2\/media\/12372"}],"wp:attachment":[{"href":"https:\/\/thirsty-elbakyan.194-164-170-140.plesk.page\/index.php?rest_route=%2Fwp%2Fv2%2Fmedia&parent=12369"}],"wp:term":[{"taxonomy":"product_brand","embeddable":true,"href":"https:\/\/thirsty-elbakyan.194-164-170-140.plesk.page\/index.php?rest_route=%2Fwp%2Fv2%2Fproduct_brand&post=12369"},{"taxonomy":"product_cat","embeddable":true,"href":"https:\/\/thirsty-elbakyan.194-164-170-140.plesk.page\/index.php?rest_route=%2Fwp%2Fv2%2Fproduct_cat&post=12369"},{"taxonomy":"product_tag","embeddable":true,"href":"https:\/\/thirsty-elbakyan.194-164-170-140.plesk.page\/index.php?rest_route=%2Fwp%2Fv2%2Fproduct_tag&post=12369"}],"curies":[{"name":"wp","href":"https:\/\/api.w.org\/{rel}","templated":true}]}}