{"id":12479,"date":"2024-03-20T14:43:00","date_gmt":"2024-03-20T12:43:00","guid":{"rendered":"https:\/\/thirsty-elbakyan.194-164-170-140.plesk.page\/?post_type=product&#038;p=12479"},"modified":"2025-04-07T11:45:42","modified_gmt":"2025-04-07T09:45:42","slug":"pulsera-comunion-cruz-y-caliz","status":"publish","type":"product","link":"https:\/\/thirsty-elbakyan.194-164-170-140.plesk.page\/?product=pulsera-comunion-cruz-y-caliz","title":{"rendered":"Pulsera Comuni\u00f3n cruz y C\u00e1liz"},"content":{"rendered":"<p>Pulsera Comuni\u00f3n cruz y C\u00e1liz<\/p>\n<p>En plata de ley 925 mm. con ba\u00f1o de rodio<\/p>\n<p>Con dos colgantes<\/p>\n<p>Cruz con piedras engarzadas y C\u00e1liz<\/p>\n<p>Pulsera con bolas facetadas<\/p>\n<p>Largo 17 +3 cm. de cadenita<\/p>\n<p>Sistema de cierre mosquet\u00f3n<\/p>\n<p>Se env\u00eda en caja y papel de regalo<\/p>\n","protected":false},"excerpt":{"rendered":"<p><strong>PULSERA COMUNION CRUZ Y CALIZ<\/strong><\/p>\n","protected":false},"featured_media":12471,"template":"","meta":[],"product_brand":[],"product_cat":[98,69,95,21,99,102,59],"product_tag":[1973,247,2028,245,249],"class_list":{"0":"post-12479","1":"product","2":"type-product","3":"status-publish","4":"has-post-thumbnail","6":"product_cat-comunion","7":"product_cat-comunion-plata","8":"product_cat-con-piedras","9":"product_cat-plata","10":"product_cat-plata-comunion","11":"product_cat-pulseras-plata-comunion","12":"product_cat-pulseras-plata","13":"product_tag-925-mm","14":"product_tag-comunion","15":"product_tag-cruz-y-caliz","16":"product_tag-plata","17":"product_tag-pulsera","19":"first","20":"instock","21":"taxable","22":"shipping-taxable","23":"purchasable","24":"product-type-simple"},"_links":{"self":[{"href":"https:\/\/thirsty-elbakyan.194-164-170-140.plesk.page\/index.php?rest_route=\/wp\/v2\/product\/12479","targetHints":{"allow":["GET"]}}],"collection":[{"href":"https:\/\/thirsty-elbakyan.194-164-170-140.plesk.page\/index.php?rest_route=\/wp\/v2\/product"}],"about":[{"href":"https:\/\/thirsty-elbakyan.194-164-170-140.plesk.page\/index.php?rest_route=\/wp\/v2\/types\/product"}],"wp:featuredmedia":[{"embeddable":true,"href":"https:\/\/thirsty-elbakyan.194-164-170-140.plesk.page\/index.php?rest_route=\/wp\/v2\/media\/12471"}],"wp:attachment":[{"href":"https:\/\/thirsty-elbakyan.194-164-170-140.plesk.page\/index.php?rest_route=%2Fwp%2Fv2%2Fmedia&parent=12479"}],"wp:term":[{"taxonomy":"product_brand","embeddable":true,"href":"https:\/\/thirsty-elbakyan.194-164-170-140.plesk.page\/index.php?rest_route=%2Fwp%2Fv2%2Fproduct_brand&post=12479"},{"taxonomy":"product_cat","embeddable":true,"href":"https:\/\/thirsty-elbakyan.194-164-170-140.plesk.page\/index.php?rest_route=%2Fwp%2Fv2%2Fproduct_cat&post=12479"},{"taxonomy":"product_tag","embeddable":true,"href":"https:\/\/thirsty-elbakyan.194-164-170-140.plesk.page\/index.php?rest_route=%2Fwp%2Fv2%2Fproduct_tag&post=12479"}],"curies":[{"name":"wp","href":"https:\/\/api.w.org\/{rel}","templated":true}]}}