{"id":12519,"date":"2024-04-12T12:45:50","date_gmt":"2024-04-12T10:45:50","guid":{"rendered":"https:\/\/thirsty-elbakyan.194-164-170-140.plesk.page\/?post_type=product&#038;p=12519"},"modified":"2024-11-19T14:36:14","modified_gmt":"2024-11-19T12:36:14","slug":"colgante-madre-en-oro-de-18-kilates-te-quiero-mama","status":"publish","type":"product","link":"https:\/\/thirsty-elbakyan.194-164-170-140.plesk.page\/?product=colgante-madre-en-oro-de-18-kilates-te-quiero-mama","title":{"rendered":"Colgante Madre en oro de 18 kilates Te Quiero Mam\u00e1"},"content":{"rendered":"<p>Colgante Madre en oro de 18 kilates Te Quiero Mam\u00e1<\/p>\n<p>En oro amarillo de 18 kilates<\/p>\n<p>Colgante bicolor ni\u00f1a y flor<\/p>\n<p>La ni\u00f1a en oro blanco con piedras circonitas engarzadas<\/p>\n<p>Medida 18 mm.<\/p>\n<p>Colgante ideal para regalar a nuevas mam\u00e1s o para el d\u00eda de la Madre<\/p>\n<p>Acabado : pulido brillo<\/p>\n<p>Se puede adquirir con<a href=\"https:\/\/thirsty-elbakyan.194-164-170-140.plesk.page\/c\/oro\/cadenas-oro\/cadenas-eslabones\/\"> cadena<\/a><\/p>\n<p>Todas nuestras joyas se presentan en un elegante estuche, para una presentaci\u00f3n elegante, que asegure satisfacci\u00f3n y confianza en su compra<\/p>\n<ol>\n<li><b>1<\/b><b>. Dise\u00f1o refinado<\/b><\/li>\n<\/ol>\n<ul>\n<li><b>Minimalistas:<\/b> Colgantes con formas geom\u00e9tricas o l\u00edneas simples, ideales para quienes buscan un estilo moderno y discreto.<\/li>\n<li><b>Cl\u00e1sicos:<\/b> Motivos tradicionales como cruces, medallas religiosas o corazones, perfectos para regalos significativos.<\/li>\n<li><b>Art\u00edsticos:<\/b> Piezas detalladas con grabados intrincados o inspiraciones en la naturaleza, como flores o animales.<\/li>\n<\/ul>\n<ol start=\"2\">\n<li><b> Acabados de lujo<\/b><\/li>\n<\/ol>\n<ul>\n<li>Pulido brillante que resalta el color c\u00e1lido del oro.<\/li>\n<li>Opciones con texturas mate o satinadas para un look m\u00e1s contempor\u00e1neo.<\/li>\n<\/ul>\n<ol start=\"3\">\n<li><b> Complementos adicionales<\/b><\/li>\n<\/ol>\n<ul>\n<li><b>Incrustaciones:<\/b> Piedras preciosas como diamantes, zafiros o circonitas para un toque de sofisticaci\u00f3n.<\/li>\n<li><b>Detalles esmaltados:<\/b> Aplicaciones de color que contrastan con el oro para dise\u00f1os \u00fanicos.<\/li>\n<\/ul>\n<ol start=\"4\">\n<li><b> Versatilidad<\/b><\/li>\n<\/ol>\n<ul>\n<li>Dise\u00f1ados para adaptarse a cadenas de distintos grosores y estilos.<\/li>\n<li>Ideales para ocasiones especiales o uso diario.<\/li>\n<\/ul>\n<h4>\u00a0El Colgante Madre en oro de 18 kilates Te Quiero Mam\u00e1 de Joyer\u00eda Bastanchury es una opci\u00f3n elegante y de alta calidad, que combina tradici\u00f3n con un estilo moderno y exclusivo.<\/h4>\n<p>Esta joya tiene la garant\u00eda de oro de 18 kilates, que puede comprobar, en el contraste que lleva la pieza, obtenido de los laboratorios\u00a0 oficiales autorizados\u00a0de verificaci\u00f3n y contraste de metales preciosos espa\u00f1oles acreditados por el ENAC, seg\u00fan la normativa internacional ISO 17025 para la realizaci\u00f3n de oro y plata en objetos\u00a0 de joyer\u00eda. Por lo que cumplimos con la normativa de la ley espa\u00f1ola y europea de metales preciosos<\/p>\n<p>Consejo:<a href=\"https:\/\/www.youtube.com\/watch?v=GtZS_43ERbs\" rel=\"nofollow noopener\" target=\"_blank\"> como limpiar tus joyas de oro<\/a><\/p>\n<div style=\"width: 720px;\" class=\"wp-video\"><video class=\"wp-video-shortcode\" id=\"video-12519-1\" width=\"720\" height=\"1280\" preload=\"metadata\" controls=\"controls\"><source type=\"video\/mp4\" src=\"https:\/\/thirsty-elbakyan.194-164-170-140.plesk.page\/wp-content\/uploads\/2024\/04\/video-16938-COLGANTE-MAMA-BICOLOR-NINA-Y-FLOR-18-MM-12500.mp4?_=1\" \/><a href=\"https:\/\/thirsty-elbakyan.194-164-170-140.plesk.page\/wp-content\/uploads\/2024\/04\/video-16938-COLGANTE-MAMA-BICOLOR-NINA-Y-FLOR-18-MM-12500.mp4\">https:\/\/thirsty-elbakyan.194-164-170-140.plesk.page\/wp-content\/uploads\/2024\/04\/video-16938-COLGANTE-MAMA-BICOLOR-NINA-Y-FLOR-18-MM-12500.mp4<\/a><\/video><\/div>\n<p>&nbsp;<\/p>\n","protected":false},"excerpt":{"rendered":"<p><strong>COLGANTE DIA DE LA MADRE BICOLOR<\/strong><\/p>\n<p><strong>ENVIO GRATIS<\/strong><\/p>\n","protected":false},"featured_media":12514,"template":"","meta":[],"product_brand":[],"product_cat":[60,50,20,76],"product_tag":[525,1000,329,253,1930,1210,244],"class_list":{"0":"post-12519","1":"product","2":"type-product","3":"status-publish","4":"has-post-thumbnail","6":"product_cat-amor-y-madre-oro","7":"product_cat-colgantes-oro","8":"product_cat-oro","9":"product_cat-oro-amarillo-colgantes-oro","10":"product_tag-18k","11":"product_tag-amarillo","12":"product_tag-bicolor","13":"product_tag-colgante","14":"product_tag-dia-de-la-madre","15":"product_tag-mama","16":"product_tag-oro","18":"first","19":"instock","20":"taxable","21":"shipping-taxable","22":"purchasable","23":"product-type-simple"},"_links":{"self":[{"href":"https:\/\/thirsty-elbakyan.194-164-170-140.plesk.page\/index.php?rest_route=\/wp\/v2\/product\/12519","targetHints":{"allow":["GET"]}}],"collection":[{"href":"https:\/\/thirsty-elbakyan.194-164-170-140.plesk.page\/index.php?rest_route=\/wp\/v2\/product"}],"about":[{"href":"https:\/\/thirsty-elbakyan.194-164-170-140.plesk.page\/index.php?rest_route=\/wp\/v2\/types\/product"}],"wp:featuredmedia":[{"embeddable":true,"href":"https:\/\/thirsty-elbakyan.194-164-170-140.plesk.page\/index.php?rest_route=\/wp\/v2\/media\/12514"}],"wp:attachment":[{"href":"https:\/\/thirsty-elbakyan.194-164-170-140.plesk.page\/index.php?rest_route=%2Fwp%2Fv2%2Fmedia&parent=12519"}],"wp:term":[{"taxonomy":"product_brand","embeddable":true,"href":"https:\/\/thirsty-elbakyan.194-164-170-140.plesk.page\/index.php?rest_route=%2Fwp%2Fv2%2Fproduct_brand&post=12519"},{"taxonomy":"product_cat","embeddable":true,"href":"https:\/\/thirsty-elbakyan.194-164-170-140.plesk.page\/index.php?rest_route=%2Fwp%2Fv2%2Fproduct_cat&post=12519"},{"taxonomy":"product_tag","embeddable":true,"href":"https:\/\/thirsty-elbakyan.194-164-170-140.plesk.page\/index.php?rest_route=%2Fwp%2Fv2%2Fproduct_tag&post=12519"}],"curies":[{"name":"wp","href":"https:\/\/api.w.org\/{rel}","templated":true}]}}