{"id":12670,"date":"2024-06-20T18:21:20","date_gmt":"2024-06-20T16:21:20","guid":{"rendered":"https:\/\/thirsty-elbakyan.194-164-170-140.plesk.page\/?post_type=product&#038;p=12670"},"modified":"2025-01-07T19:54:23","modified_gmt":"2025-01-07T17:54:23","slug":"colgante-mano-negra-oro-18-kilates","status":"publish","type":"product","link":"https:\/\/thirsty-elbakyan.194-164-170-140.plesk.page\/?product=colgante-mano-negra-oro-18-kilates","title":{"rendered":"Colgante mano negra oro 18 kilates"},"content":{"rendered":"<p>Colgante mano negra oro 18 kilates<\/p>\n<p>En oro de 18 kilates ( 750 mm.)<\/p>\n<p>Casquilla y anilla en oro<\/p>\n<p>Mano de resina<\/p>\n<p>Medida 19 x 8 mm.<\/p>\n<p><b>Colgante mano negra,<\/b>\u00a0Amuleto de protecci\u00f3n y para el mal de ojo<\/p>\n<ol>\n<li><b> Dise\u00f1o refinado<\/b><\/li>\n<\/ol>\n<p>Todas nuestras joyas se presentan en un elegante estuche. De esta manera, ofrecemos una presentaci\u00f3n sofisticada\u00a0 que, adem\u00e1s, asegura satisfacci\u00f3n y confianza en su compra<\/p>\n<p><b>Minimalistas:<\/b> Colgantes con formas geom\u00e9tricas o l\u00edneas simples, ideales para quienes buscan un estilo moderno y discreto.<\/p>\n<ul>\n<li><b>Cl\u00e1sicos:<\/b> Motivos tradicionales como cruces, medallas religiosas o corazones, perfectos para regalos significativos.<\/li>\n<li><b>Art\u00edsticos:<\/b> Piezas detalladas con grabados intrincados o inspiraciones en la naturaleza, como flores o animales.<\/li>\n<\/ul>\n<p>2.<b>Acabados de lujo<\/b><\/p>\n<ul>\n<li>Pulido brillante que resalta el color c\u00e1lido del oro.<\/li>\n<li>Opciones con texturas mate o satinadas que dar\u00e1 un look m\u00e1s contempor\u00e1neo.<\/li>\n<\/ul>\n<p>3.<b>Complementos adicionales<\/b><\/p>\n<ul>\n<li><b>Incrustaciones:<\/b> Piedras preciosas como diamantes, zafiros o circonitas que a\u00f1aden un toque de sofisticaci\u00f3n.<\/li>\n<li><b>Detalles esmaltados:<\/b> Aplicaciones de color que contrastan con el oro para dise\u00f1os \u00fanicos.<\/li>\n<\/ul>\n<p>4.<b>Versatilidad\u00a0<\/b><\/p>\n<ul>\n<li>Dise\u00f1ados para adaptarse a cadenas de distintos grosores y estilos.<\/li>\n<li>Ideales para ocasiones especiales o como uso diario.<\/li>\n<\/ul>\n<p><b>\u00a0El Colgante mano negra oro 18 kilates Joyer\u00eda Bastanchury es una opci\u00f3n elegante y de alta calidad,\u00a0 ya que combina tradici\u00f3n adem\u00e1s de un estilo moderno y exclusivo.<\/b><\/p>\n<p>Esta joya tiene la garant\u00eda de oro de 18 kilates, que puede comprobar, en el contraste que lleva la pieza, obtenido de los laboratorios\u00a0 oficiales autorizados\u00a0de verificaci\u00f3n y contraste de metales preciosos espa\u00f1oles acreditados por el ENAC, seg\u00fan la normativa internacional ISO 17025 para la realizaci\u00f3n de oro y plata en objetos\u00a0 de joyer\u00eda. Por lo tanto cumplimos con la normativa de la ley espa\u00f1ola y europea de metales preciosos<\/p>\n<p>Consejo:<a href=\"https:\/\/www.youtube.com\/watch?v=GtZS_43ERbs\" rel=\"nofollow noopener\" target=\"_blank\"> como limpiar tus joyas de oro<\/a><\/p>\n","protected":false},"excerpt":{"rendered":"<p><strong>COGANTE MANO NEGRA<\/strong><\/p>\n","protected":false},"featured_media":12671,"template":"","meta":[],"product_brand":[],"product_cat":[50,20,76],"product_tag":[253,2057,1031,1029,2034],"class_list":{"0":"post-12670","1":"product","2":"type-product","3":"status-publish","4":"has-post-thumbnail","6":"product_cat-colgantes-oro","7":"product_cat-oro","8":"product_cat-oro-amarillo-colgantes-oro","9":"product_tag-colgante","10":"product_tag-higa","11":"product_tag-mal-de-ojo","12":"product_tag-mano-negra","13":"product_tag-oro-18-kilates","15":"first","16":"instock","17":"taxable","18":"shipping-taxable","19":"purchasable","20":"product-type-simple"},"_links":{"self":[{"href":"https:\/\/thirsty-elbakyan.194-164-170-140.plesk.page\/index.php?rest_route=\/wp\/v2\/product\/12670","targetHints":{"allow":["GET"]}}],"collection":[{"href":"https:\/\/thirsty-elbakyan.194-164-170-140.plesk.page\/index.php?rest_route=\/wp\/v2\/product"}],"about":[{"href":"https:\/\/thirsty-elbakyan.194-164-170-140.plesk.page\/index.php?rest_route=\/wp\/v2\/types\/product"}],"wp:featuredmedia":[{"embeddable":true,"href":"https:\/\/thirsty-elbakyan.194-164-170-140.plesk.page\/index.php?rest_route=\/wp\/v2\/media\/12671"}],"wp:attachment":[{"href":"https:\/\/thirsty-elbakyan.194-164-170-140.plesk.page\/index.php?rest_route=%2Fwp%2Fv2%2Fmedia&parent=12670"}],"wp:term":[{"taxonomy":"product_brand","embeddable":true,"href":"https:\/\/thirsty-elbakyan.194-164-170-140.plesk.page\/index.php?rest_route=%2Fwp%2Fv2%2Fproduct_brand&post=12670"},{"taxonomy":"product_cat","embeddable":true,"href":"https:\/\/thirsty-elbakyan.194-164-170-140.plesk.page\/index.php?rest_route=%2Fwp%2Fv2%2Fproduct_cat&post=12670"},{"taxonomy":"product_tag","embeddable":true,"href":"https:\/\/thirsty-elbakyan.194-164-170-140.plesk.page\/index.php?rest_route=%2Fwp%2Fv2%2Fproduct_tag&post=12670"}],"curies":[{"name":"wp","href":"https:\/\/api.w.org\/{rel}","templated":true}]}}