{"id":12752,"date":"2024-08-12T20:13:48","date_gmt":"2024-08-12T18:13:48","guid":{"rendered":"https:\/\/thirsty-elbakyan.194-164-170-140.plesk.page\/?post_type=product&#038;p=12752"},"modified":"2025-03-25T19:20:00","modified_gmt":"2025-03-25T17:20:00","slug":"pendientes-oro-mujer-aro-girado","status":"publish","type":"product","link":"https:\/\/thirsty-elbakyan.194-164-170-140.plesk.page\/?product=pendientes-oro-mujer-aro-girado","title":{"rendered":"Pendientes oro mujer aro girado 18k. medida 18 x 1.30 mm."},"content":{"rendered":"<p>Pendientes oro mujer aro girado 18k. medida 18 x 1.30 mm.<\/p>\n<p>En oro de 18 quilates<\/p>\n<p>Tubo redondo<\/p>\n<p>Medida 18 x 1,30 mm.<\/p>\n<p>Sistema de cierre gancho<\/p>\n<p>Todas nuestras joyas se presentan en un elegante estuche, para una presentaci\u00f3n elegante, que asegure satisfacci\u00f3n y confianza en su compra<\/p>\n<ul>\n<li><b>Los pendientes oro mujer aro girado<a href=\"https:\/\/thirsty-elbakyan.194-164-170-140.plesk.page\/oro-de-ley\/\"> 18k.<\/a> medida 18 x 1.30 mm.<\/b><b>\u00a0de Joyer\u00eda Bastanchury \u2013 Elegancia y Durabilidad para Cada Ocasi\u00f3n<\/b><\/li>\n<\/ul>\n<p>Descubre la elegancia y durabilidad de nuestros pendientes de aro de oro de 18 quilates, dise\u00f1ados para realzar cualquier estilo. Estos aros de alta calidad ofrecen un brillo excepcional y una resistencia incomparable, gracias a la pureza y al acabado profesional del oro de 18K. Perfectos para a\u00f1adir un toque de sofisticaci\u00f3n a tu look diario o para ocasiones especiales, estos pendientes de aro son un b\u00e1sico para cualquier ocasi\u00f3n.<\/p>\n<p>Fabricados con materiales hipoalerg\u00e9nicos, son seguros para pieles sensibles y presentan un dise\u00f1o cl\u00e1sico que nunca pasa de moda. Disponibles en diferentes tama\u00f1os para adaptarse a tu estilo, desde aros peque\u00f1os y discretos hasta piezas grandes y audaces, nuestros pendientes de aro de oro de 18 quilates son el complemento perfecto para cualquier outfit. \u00a1Eleva tu estilo con la atemporalidad del oro de 18K y brilla en cada ocasi\u00f3n!<\/p>\n<p>-Esta joya tiene la garant\u00eda de oro de 18 kilates, que puede comprobar, en el contraste que lleva la pieza, obtenido de los laboratorios\u00a0 oficiales autorizados\u00a0\u00a0 de verificaci\u00f3n y contraste de metales preciosos espa\u00f1oles acreditados por el ENAC, seg\u00fan la normativa internacional ISO 17025 para la realizaci\u00f3n de oro y plata en objetos\u00a0 de joyer\u00eda. Por lo que cumplimos con la normativa de la ley espa\u00f1ola y europea de metales preciosos<\/p>\n<h4><b>Algunas caracter\u00edsticas comunes en este tipo de joya son:<\/b><\/h4>\n<ul>\n<li><b>Material<\/b>: Oro de 18K, hipoalerg\u00e9nico y seguro para la piel. <b>Dise\u00f1o<\/b>: Cl\u00e1sicos y modernos, ultimas tendencias<\/li>\n<li><b>Tama\u00f1o <\/b>: Diversos tama\u00f1os y grosores<\/li>\n<li><b>Acabado<\/b>: Pulido y suave al tacto para evitar incomodidades.<\/li>\n<\/ul>\n<p>Si deseas m\u00e1s informaci\u00f3n, puedes consultar directamente con Joyer\u00eda Bastanchury para revisar opciones de dise\u00f1o, precios y disponibilidad en sus colecciones.<\/p>\n<p>Consejo:<a href=\"https:\/\/www.youtube.com\/watch?v=GtZS_43ERbs\" rel=\"nofollow noopener\" target=\"_blank\"> como limpiar tus joyas de oro<\/a><\/p>\n<div style=\"width: 720px;\" class=\"wp-video\"><video class=\"wp-video-shortcode\" id=\"video-12752-1\" width=\"720\" height=\"1280\" preload=\"metadata\" controls=\"controls\"><source type=\"video\/mp4\" src=\"https:\/\/thirsty-elbakyan.194-164-170-140.plesk.page\/wp-content\/uploads\/2024\/08\/video-18006-AROS-ORO-AMARILLO-HUECOS-RETORCIDOS-CON-TALLADO-18X1.30-MM-copia.mp4?_=1\" \/><a href=\"https:\/\/thirsty-elbakyan.194-164-170-140.plesk.page\/wp-content\/uploads\/2024\/08\/video-18006-AROS-ORO-AMARILLO-HUECOS-RETORCIDOS-CON-TALLADO-18X1.30-MM-copia.mp4\">https:\/\/thirsty-elbakyan.194-164-170-140.plesk.page\/wp-content\/uploads\/2024\/08\/video-18006-AROS-ORO-AMARILLO-HUECOS-RETORCIDOS-CON-TALLADO-18X1.30-MM-copia.mp4<\/a><\/video><\/div>\n","protected":false},"excerpt":{"rendered":"<p><strong>Pendientes oro mujer aro girado<\/strong><\/p>\n<p><span style=\"color: #000000;\">ENVIO GRATIS<\/span><\/p>\n","protected":false},"featured_media":12737,"template":"","meta":[],"product_brand":[],"product_cat":[66,20,40],"product_tag":[999,477,1833,240,242,252,2059],"class_list":{"0":"post-12752","1":"product","2":"type-product","3":"status-publish","4":"has-post-thumbnail","6":"product_cat-aros-oro","7":"product_cat-oro","8":"product_cat-pendientes-oro","9":"product_tag-18-kilates","10":"product_tag-aro","11":"product_tag-girado","12":"product_tag-mujer","13":"product_tag-nina","14":"product_tag-pendientes","15":"product_tag-retorcidos","17":"first","18":"instock","19":"taxable","20":"shipping-taxable","21":"purchasable","22":"product-type-simple"},"_links":{"self":[{"href":"https:\/\/thirsty-elbakyan.194-164-170-140.plesk.page\/index.php?rest_route=\/wp\/v2\/product\/12752","targetHints":{"allow":["GET"]}}],"collection":[{"href":"https:\/\/thirsty-elbakyan.194-164-170-140.plesk.page\/index.php?rest_route=\/wp\/v2\/product"}],"about":[{"href":"https:\/\/thirsty-elbakyan.194-164-170-140.plesk.page\/index.php?rest_route=\/wp\/v2\/types\/product"}],"wp:featuredmedia":[{"embeddable":true,"href":"https:\/\/thirsty-elbakyan.194-164-170-140.plesk.page\/index.php?rest_route=\/wp\/v2\/media\/12737"}],"wp:attachment":[{"href":"https:\/\/thirsty-elbakyan.194-164-170-140.plesk.page\/index.php?rest_route=%2Fwp%2Fv2%2Fmedia&parent=12752"}],"wp:term":[{"taxonomy":"product_brand","embeddable":true,"href":"https:\/\/thirsty-elbakyan.194-164-170-140.plesk.page\/index.php?rest_route=%2Fwp%2Fv2%2Fproduct_brand&post=12752"},{"taxonomy":"product_cat","embeddable":true,"href":"https:\/\/thirsty-elbakyan.194-164-170-140.plesk.page\/index.php?rest_route=%2Fwp%2Fv2%2Fproduct_cat&post=12752"},{"taxonomy":"product_tag","embeddable":true,"href":"https:\/\/thirsty-elbakyan.194-164-170-140.plesk.page\/index.php?rest_route=%2Fwp%2Fv2%2Fproduct_tag&post=12752"}],"curies":[{"name":"wp","href":"https:\/\/api.w.org\/{rel}","templated":true}]}}