{"id":13009,"date":"2025-01-24T15:11:02","date_gmt":"2025-01-24T13:11:02","guid":{"rendered":"https:\/\/thirsty-elbakyan.194-164-170-140.plesk.page\/?post_type=product&#038;p=13009"},"modified":"2025-03-20T14:53:29","modified_gmt":"2025-03-20T12:53:29","slug":"pendientes-aro-liso-9-kilates-mujer","status":"publish","type":"product","link":"https:\/\/thirsty-elbakyan.194-164-170-140.plesk.page\/?product=pendientes-aro-liso-9-kilates-mujer","title":{"rendered":"Pendientes aro liso 9 kilates mujer o ni\u00f1a 15 x 1 mm."},"content":{"rendered":"<h4>Pendientes aro liso 9 kilates mujer o ni\u00f1a 15 x 1 mm<\/h4>\n<p>En oro de 9 quilates<\/p>\n<p>Tubo redondo<\/p>\n<p><span style=\"vertical-align: inherit;\"><span style=\"vertical-align: inherit;\">Medida 15 x 1 mm.<\/span><\/span><\/p>\n<p>Sistema de cierre gancho<\/p>\n<p>Pendientes aro liso acabado en pulido brillo.<\/p>\n<p>Todas nuestras joyas se presentan en un elegante estuche, para una presentaci\u00f3n elegante, que asegure satisfacci\u00f3n y confianza en su compra<\/p>\n<h4><b>&#8211; Los Pendientes aro liso 9 kilates mujer o ni\u00f1a 15 x 1 mm de Joyer\u00eda Bastanchury \u2013 Elegancia y Durabilidad para Cada Ocasi\u00f3n<\/b><\/h4>\n<p>Descubre la elegancia y durabilidad de nuestros<a href=\"https:\/\/thirsty-elbakyan.194-164-170-140.plesk.page\/c\/oro\/pendientes-oro\/aros-oro\/\"> pendientes de aro liso<\/a> de oro de 9 quilates, dise\u00f1ados para realzar cualquier estilo. Estos pendientes aro liso de alta calidad ofrecen un brillo excepcional y una resistencia incomparable, gracias a la pureza y al acabado profesional del oro de 9 K. Perfectos para a\u00f1adir un toque de sofisticaci\u00f3n a tu look diario o para ocasiones especiales, estos pendientes de aro son un b\u00e1sico para cualquier ocasi\u00f3n.<\/p>\n<p>Fabricados con materiales hipoalerg\u00e9nicos, son seguros para pieles sensibles y presentan un dise\u00f1o cl\u00e1sico que nunca pasa de moda. Disponibles en diferentes tama\u00f1os para adaptarse a tu estilo, desde aros peque\u00f1os y discretos hasta piezas grandes y audaces, nuestros pendientes aro\u00a0 son el complemento perfecto para cualquier outfit. \u00a1Eleva tu estilo con la atemporalidad del oro de 9K y brilla en cada ocasi\u00f3n!<\/p>\n<p>-Esta joya tiene la garant\u00eda de oro de 9 kilates, que puede comprobar, en el contraste que lleva la pieza, obtenido de los laboratorios\u00a0 oficiales autorizados\u00a0 de verificaci\u00f3n y contraste de metales preciosos espa\u00f1oles acreditados por el ENAC, seg\u00fan la normativa internacional ISO 17025 para la realizaci\u00f3n de oro y plata en objetos\u00a0 de joyer\u00eda. Por lo que cumplimos con la normativa de la ley espa\u00f1ola y europea de metales preciosos<\/p>\n<p>&nbsp;<\/p>\n<p>Algunas caracter\u00edsticas comunes en este tipo de joya son:<\/p>\n<ul>\n<li><b>Material<\/b>: Oro de 9K, hipoalerg\u00e9nico y seguro para la piel. <b>Dise\u00f1o<\/b>: Cl\u00e1sicos y modernos, ultimas tendencias<\/li>\n<li><b>Tama\u00f1o <\/b>: Diversos tama\u00f1os y grosores<\/li>\n<li><b>Acabado<\/b>: Pulido y suave al tacto para evitar incomodidades.<\/li>\n<\/ul>\n<p>Si deseas m\u00e1s informaci\u00f3n, puedes consultar directamente con Joyer\u00eda Bastanchury para revisar opciones de dise\u00f1o, precios y disponibilidad en sus colecciones.<\/p>\n<p><b>Consejo:<a href=\"https:\/\/www.youtube.com\/watch?v=GtZS_43ERbs\" rel=\"nofollow noopener\" target=\"_blank\"> como limpiar tus joyas de oro<\/a><\/b><\/p>\n<p>&nbsp;<\/p>\n","protected":false},"excerpt":{"rendered":"<p>Pendientes aro liso 9 kilates mujer o ni\u00f1a 15 x 1 mm En oro de 9 quilates Tubo redondo Medida 15 x 1 mm. Sistema de cierre gancho Pendientes aro liso acabado en pulido brillo. Todas nuestras joyas se presentan en un elegante estuche, para una presentaci\u00f3n elegante, que asegure satisfacci\u00f3n y confianza en su [&#8230;]\n","protected":false},"featured_media":13254,"template":"","meta":[],"product_brand":[],"product_cat":[70,66,20,40],"product_tag":[1984,1000,477,240,242,244,252],"class_list":{"0":"post-13009","1":"product","2":"type-product","3":"status-publish","4":"has-post-thumbnail","6":"product_cat-9-kts-oro","7":"product_cat-aros-oro","8":"product_cat-oro","9":"product_cat-pendientes-oro","10":"product_tag-9-kilates","11":"product_tag-amarillo","12":"product_tag-aro","13":"product_tag-mujer","14":"product_tag-nina","15":"product_tag-oro","16":"product_tag-pendientes","18":"first","19":"instock","20":"taxable","21":"shipping-taxable","22":"purchasable","23":"product-type-simple"},"_links":{"self":[{"href":"https:\/\/thirsty-elbakyan.194-164-170-140.plesk.page\/index.php?rest_route=\/wp\/v2\/product\/13009","targetHints":{"allow":["GET"]}}],"collection":[{"href":"https:\/\/thirsty-elbakyan.194-164-170-140.plesk.page\/index.php?rest_route=\/wp\/v2\/product"}],"about":[{"href":"https:\/\/thirsty-elbakyan.194-164-170-140.plesk.page\/index.php?rest_route=\/wp\/v2\/types\/product"}],"wp:featuredmedia":[{"embeddable":true,"href":"https:\/\/thirsty-elbakyan.194-164-170-140.plesk.page\/index.php?rest_route=\/wp\/v2\/media\/13254"}],"wp:attachment":[{"href":"https:\/\/thirsty-elbakyan.194-164-170-140.plesk.page\/index.php?rest_route=%2Fwp%2Fv2%2Fmedia&parent=13009"}],"wp:term":[{"taxonomy":"product_brand","embeddable":true,"href":"https:\/\/thirsty-elbakyan.194-164-170-140.plesk.page\/index.php?rest_route=%2Fwp%2Fv2%2Fproduct_brand&post=13009"},{"taxonomy":"product_cat","embeddable":true,"href":"https:\/\/thirsty-elbakyan.194-164-170-140.plesk.page\/index.php?rest_route=%2Fwp%2Fv2%2Fproduct_cat&post=13009"},{"taxonomy":"product_tag","embeddable":true,"href":"https:\/\/thirsty-elbakyan.194-164-170-140.plesk.page\/index.php?rest_route=%2Fwp%2Fv2%2Fproduct_tag&post=13009"}],"curies":[{"name":"wp","href":"https:\/\/api.w.org\/{rel}","templated":true}]}}