{"id":13100,"date":"2025-03-10T13:20:28","date_gmt":"2025-03-10T11:20:28","guid":{"rendered":"https:\/\/thirsty-elbakyan.194-164-170-140.plesk.page\/?post_type=product&#038;p=13100"},"modified":"2025-03-10T13:20:29","modified_gmt":"2025-03-10T11:20:29","slug":"medalla-nina-comunion-oro-9-kilates","status":"publish","type":"product","link":"https:\/\/thirsty-elbakyan.194-164-170-140.plesk.page\/?product=medalla-nina-comunion-oro-9-kilates","title":{"rendered":"Medalla ni\u00f1a Comuni\u00f3n oro 9 kilates"},"content":{"rendered":"<p>Medalla ni\u00f1a Comuni\u00f3n oro 9 kilates<\/p>\n<p>Imagen Virgen ni\u00f1a<\/p>\n<p>En oro de ley de 9 quilates<\/p>\n<p>Medida 23 X 16 MM.<\/p>\n<p>Anilla en forma de triangulo<\/p>\n<p>Se\u00a0puede\u00a0adquirir\u00a0con\u00a0cadena<\/p>\n<p>Visite\u00a0en\u00a0nuestra\u00a0tienda\u00a0la\u00a0secci\u00f3n\u00a0de<a href=\"https:\/\/thirsty-elbakyan.194-164-170-140.plesk.page\/c\/oro\/cadenas-oro\/\"> cadenas<\/a><\/p>\n<p>Para\u00a0comuni\u00f3n\u00a0se\u00a0recomienda\u00a0cadena\u00a0de\u00a050\u00a0cm.<\/p>\n<p>Acabado del pulido en brillo<\/p>\n<p>Se\u00a0puede\u00a0grabar\u00a0por\u00a0detr\u00e1s<\/p>\n<p>Grabado gratis<\/p>\n<p>Se\u00a0env\u00eda\u00a0en\u00a0caja\u00a0y\u00a0papel\u00a0de\u00a0regalo<\/p>\n<p><img loading=\"lazy\" decoding=\"async\" class=\"alignnone  wp-image-13096\" src=\"https:\/\/thirsty-elbakyan.194-164-170-140.plesk.page\/wp-content\/uploads\/2025\/03\/16317b-9K-MEDALLA-ORO-AMARILLO-VIRGEN-NINA-OVAL-CON-CERCO.-23X16-MM-8000.jpg\" alt=\"Medalla ni\u00f1a Comuni\u00f3n oro 9 kilates\" width=\"86\" height=\"86\" srcset=\"https:\/\/thirsty-elbakyan.194-164-170-140.plesk.page\/wp-content\/uploads\/2025\/03\/16317b-9K-MEDALLA-ORO-AMARILLO-VIRGEN-NINA-OVAL-CON-CERCO.-23X16-MM-8000.jpg 1200w, https:\/\/thirsty-elbakyan.194-164-170-140.plesk.page\/wp-content\/uploads\/2025\/03\/16317b-9K-MEDALLA-ORO-AMARILLO-VIRGEN-NINA-OVAL-CON-CERCO.-23X16-MM-8000-100x100.jpg 100w, https:\/\/thirsty-elbakyan.194-164-170-140.plesk.page\/wp-content\/uploads\/2025\/03\/16317b-9K-MEDALLA-ORO-AMARILLO-VIRGEN-NINA-OVAL-CON-CERCO.-23X16-MM-8000-510x510.jpg 510w, https:\/\/thirsty-elbakyan.194-164-170-140.plesk.page\/wp-content\/uploads\/2025\/03\/16317b-9K-MEDALLA-ORO-AMARILLO-VIRGEN-NINA-OVAL-CON-CERCO.-23X16-MM-8000-400x400.jpg 400w, https:\/\/thirsty-elbakyan.194-164-170-140.plesk.page\/wp-content\/uploads\/2025\/03\/16317b-9K-MEDALLA-ORO-AMARILLO-VIRGEN-NINA-OVAL-CON-CERCO.-23X16-MM-8000-800x800.jpg 800w, https:\/\/thirsty-elbakyan.194-164-170-140.plesk.page\/wp-content\/uploads\/2025\/03\/16317b-9K-MEDALLA-ORO-AMARILLO-VIRGEN-NINA-OVAL-CON-CERCO.-23X16-MM-8000-280x280.jpg 280w, https:\/\/thirsty-elbakyan.194-164-170-140.plesk.page\/wp-content\/uploads\/2025\/03\/16317b-9K-MEDALLA-ORO-AMARILLO-VIRGEN-NINA-OVAL-CON-CERCO.-23X16-MM-8000-768x768.jpg 768w\" sizes=\"auto, (max-width: 86px) 100vw, 86px\" \/><\/p>\n","protected":false},"excerpt":{"rendered":"<p><strong><span style=\"color: #000000;\">MEDALLA NI\u00d1A COMUNION<\/span><\/strong><\/p>\n<p><strong><span style=\"color: #000000;\">ENVIO GRATIS<\/span><\/strong><\/p>\n","protected":false},"featured_media":13096,"template":"","meta":[],"product_brand":[],"product_cat":[70,98,68,125,82,42,20,100],"product_tag":[453,247,255,2063,2034,1205],"class_list":{"0":"post-13100","1":"product","2":"type-product","3":"status-publish","4":"has-post-thumbnail","6":"product_cat-9-kts-oro","7":"product_cat-comunion","8":"product_cat-comunion-oro","9":"product_cat-medallas-oro-comunion","10":"product_cat-medallas-comunion","11":"product_cat-medallas-oro","12":"product_cat-oro","13":"product_cat-oro-comunion","14":"product_tag-bautizo","15":"product_tag-comunion","16":"product_tag-medalla","17":"product_tag-nacimiento","18":"product_tag-oro-18-kilates","19":"product_tag-virgen-nina","21":"first","22":"instock","23":"sale","24":"taxable","25":"shipping-taxable","26":"purchasable","27":"product-type-simple"},"_links":{"self":[{"href":"https:\/\/thirsty-elbakyan.194-164-170-140.plesk.page\/index.php?rest_route=\/wp\/v2\/product\/13100","targetHints":{"allow":["GET"]}}],"collection":[{"href":"https:\/\/thirsty-elbakyan.194-164-170-140.plesk.page\/index.php?rest_route=\/wp\/v2\/product"}],"about":[{"href":"https:\/\/thirsty-elbakyan.194-164-170-140.plesk.page\/index.php?rest_route=\/wp\/v2\/types\/product"}],"wp:featuredmedia":[{"embeddable":true,"href":"https:\/\/thirsty-elbakyan.194-164-170-140.plesk.page\/index.php?rest_route=\/wp\/v2\/media\/13096"}],"wp:attachment":[{"href":"https:\/\/thirsty-elbakyan.194-164-170-140.plesk.page\/index.php?rest_route=%2Fwp%2Fv2%2Fmedia&parent=13100"}],"wp:term":[{"taxonomy":"product_brand","embeddable":true,"href":"https:\/\/thirsty-elbakyan.194-164-170-140.plesk.page\/index.php?rest_route=%2Fwp%2Fv2%2Fproduct_brand&post=13100"},{"taxonomy":"product_cat","embeddable":true,"href":"https:\/\/thirsty-elbakyan.194-164-170-140.plesk.page\/index.php?rest_route=%2Fwp%2Fv2%2Fproduct_cat&post=13100"},{"taxonomy":"product_tag","embeddable":true,"href":"https:\/\/thirsty-elbakyan.194-164-170-140.plesk.page\/index.php?rest_route=%2Fwp%2Fv2%2Fproduct_tag&post=13100"}],"curies":[{"name":"wp","href":"https:\/\/api.w.org\/{rel}","templated":true}]}}