{"id":13103,"date":"2025-03-10T15:04:00","date_gmt":"2025-03-10T13:04:00","guid":{"rendered":"https:\/\/thirsty-elbakyan.194-164-170-140.plesk.page\/?post_type=product&#038;p=13103"},"modified":"2025-03-10T15:04:00","modified_gmt":"2025-03-10T13:04:00","slug":"medalla-nina-o-bebe-oro-18-kilates","status":"publish","type":"product","link":"https:\/\/thirsty-elbakyan.194-164-170-140.plesk.page\/?product=medalla-nina-o-bebe-oro-18-kilates","title":{"rendered":"Medalla ni\u00f1a o beb\u00e9 oro 18 kilates"},"content":{"rendered":"<p>Medalla ni\u00f1a o beb\u00e9 oro 18 kilates<\/p>\n<p>Imagen Virgen ni\u00f1a<\/p>\n<p>En\u00a0oro\u00a0de\u00a0ley\u00a0de\u00a018\u00a0quilates<\/p>\n<p>Medida 21 X 12 MM.<\/p>\n<p>Anilla en forma de triangulo<\/p>\n<p>Se\u00a0puede\u00a0adquirir\u00a0con\u00a0cadena<\/p>\n<p>Visite\u00a0en\u00a0nuestra\u00a0tienda\u00a0la\u00a0secci\u00f3n\u00a0de\u00a0<a href=\"https:\/\/thirsty-elbakyan.194-164-170-140.plesk.page\/c\/oro\/cadenas-oro\/\">cadenas<\/a><\/p>\n<p>Para\u00a0comuni\u00f3n\u00a0se\u00a0recomienda\u00a0cadena\u00a0de\u00a050\u00a0cm.<\/p>\n<p>Acabado del pulido en brillo<\/p>\n<p>Se\u00a0puede\u00a0grabar\u00a0por\u00a0detr\u00e1s<\/p>\n<p>Grabado gratis<\/p>\n<p>Se\u00a0env\u00eda\u00a0en\u00a0caja\u00a0y\u00a0papel\u00a0de\u00a0regalo<\/p>\n","protected":false},"excerpt":{"rendered":"<p><span style=\"color: #000000;\">MEDALLA NI\u00d1A O BEBE VIRGEN NI\u00d1A<\/span><\/p>\n<p><span style=\"color: #000000;\">ENVIO GRATIS<\/span><\/p>\n","protected":false},"featured_media":13104,"template":"","meta":[],"product_brand":[],"product_cat":[83,42,20],"product_tag":[243,255,242,2034,1205],"class_list":{"0":"post-13103","1":"product","2":"type-product","3":"status-publish","4":"has-post-thumbnail","6":"product_cat-medallas-bebe","7":"product_cat-medallas-oro","8":"product_cat-oro","9":"product_tag-bebe","10":"product_tag-medalla","11":"product_tag-nina","12":"product_tag-oro-18-kilates","13":"product_tag-virgen-nina","14":"wcpa_has_options","16":"first","17":"instock","18":"sale","19":"taxable","20":"shipping-taxable","21":"purchasable","22":"product-type-simple"},"_links":{"self":[{"href":"https:\/\/thirsty-elbakyan.194-164-170-140.plesk.page\/index.php?rest_route=\/wp\/v2\/product\/13103","targetHints":{"allow":["GET"]}}],"collection":[{"href":"https:\/\/thirsty-elbakyan.194-164-170-140.plesk.page\/index.php?rest_route=\/wp\/v2\/product"}],"about":[{"href":"https:\/\/thirsty-elbakyan.194-164-170-140.plesk.page\/index.php?rest_route=\/wp\/v2\/types\/product"}],"wp:featuredmedia":[{"embeddable":true,"href":"https:\/\/thirsty-elbakyan.194-164-170-140.plesk.page\/index.php?rest_route=\/wp\/v2\/media\/13104"}],"wp:attachment":[{"href":"https:\/\/thirsty-elbakyan.194-164-170-140.plesk.page\/index.php?rest_route=%2Fwp%2Fv2%2Fmedia&parent=13103"}],"wp:term":[{"taxonomy":"product_brand","embeddable":true,"href":"https:\/\/thirsty-elbakyan.194-164-170-140.plesk.page\/index.php?rest_route=%2Fwp%2Fv2%2Fproduct_brand&post=13103"},{"taxonomy":"product_cat","embeddable":true,"href":"https:\/\/thirsty-elbakyan.194-164-170-140.plesk.page\/index.php?rest_route=%2Fwp%2Fv2%2Fproduct_cat&post=13103"},{"taxonomy":"product_tag","embeddable":true,"href":"https:\/\/thirsty-elbakyan.194-164-170-140.plesk.page\/index.php?rest_route=%2Fwp%2Fv2%2Fproduct_tag&post=13103"}],"curies":[{"name":"wp","href":"https:\/\/api.w.org\/{rel}","templated":true}]}}