{"id":13106,"date":"2025-03-10T18:30:20","date_gmt":"2025-03-10T16:30:20","guid":{"rendered":"https:\/\/thirsty-elbakyan.194-164-170-140.plesk.page\/?post_type=product&#038;p=13106"},"modified":"2025-03-10T18:42:34","modified_gmt":"2025-03-10T16:42:34","slug":"medalla-nina-oro-18-k-virgen-nina","status":"publish","type":"product","link":"https:\/\/thirsty-elbakyan.194-164-170-140.plesk.page\/?product=medalla-nina-oro-18-k-virgen-nina","title":{"rendered":"Medalla ni\u00f1a oro 18 k. Virgen ni\u00f1a"},"content":{"rendered":"<p>Medalla ni\u00f1a oro 18 k. Virgen ni\u00f1a<\/p>\n<p>En\u00a0oro\u00a0de\u00a0ley\u00a0de\u00a018\u00a0quilates<\/p>\n<p>Medida 22 X 13 MM.<\/p>\n<p>Anilla en forma de triangulo<\/p>\n<p>Se puede adquirir con cadena<\/p>\n<p>Visite\u00a0en\u00a0nuestra\u00a0tienda\u00a0la\u00a0secci\u00f3n\u00a0de\u00a0<a href=\"https:\/\/thirsty-elbakyan.194-164-170-140.plesk.page\/c\/oro\/cadenas-oro\/\">cadenas<\/a><\/p>\n<p>Para ni\u00f1a o beb\u00e9 se recomienda cadena de\u00a0 40-45 cm.<\/p>\n<p>Acabado del pulido en brillo<\/p>\n<p>Se\u00a0puede\u00a0grabar\u00a0por\u00a0detr\u00e1s<\/p>\n<p>Grabado gratis<\/p>\n<p>Se\u00a0env\u00eda\u00a0en\u00a0caja\u00a0y\u00a0papel\u00a0de\u00a0regalo<\/p>\n","protected":false},"excerpt":{"rendered":"<p><span style=\"color: #000000;\">MEDALLA ORO VIRGEN NI\u00d1A<\/span><\/p>\n<p><span style=\"color: #000000;\">ENVIO GRATIS<\/span><\/p>\n","protected":false},"featured_media":13105,"template":"","meta":[],"product_brand":[],"product_cat":[23],"product_tag":[999,243,262,255,242,244,1205],"class_list":{"0":"post-13106","1":"product","2":"type-product","3":"status-publish","4":"has-post-thumbnail","6":"product_cat-acero","7":"product_tag-18-kilates","8":"product_tag-bebe","9":"product_tag-cadena","10":"product_tag-medalla","11":"product_tag-nina","12":"product_tag-oro","13":"product_tag-virgen-nina","14":"wcpa_has_options","16":"first","17":"instock","18":"sale","19":"taxable","20":"shipping-taxable","21":"purchasable","22":"product-type-simple"},"_links":{"self":[{"href":"https:\/\/thirsty-elbakyan.194-164-170-140.plesk.page\/index.php?rest_route=\/wp\/v2\/product\/13106","targetHints":{"allow":["GET"]}}],"collection":[{"href":"https:\/\/thirsty-elbakyan.194-164-170-140.plesk.page\/index.php?rest_route=\/wp\/v2\/product"}],"about":[{"href":"https:\/\/thirsty-elbakyan.194-164-170-140.plesk.page\/index.php?rest_route=\/wp\/v2\/types\/product"}],"wp:featuredmedia":[{"embeddable":true,"href":"https:\/\/thirsty-elbakyan.194-164-170-140.plesk.page\/index.php?rest_route=\/wp\/v2\/media\/13105"}],"wp:attachment":[{"href":"https:\/\/thirsty-elbakyan.194-164-170-140.plesk.page\/index.php?rest_route=%2Fwp%2Fv2%2Fmedia&parent=13106"}],"wp:term":[{"taxonomy":"product_brand","embeddable":true,"href":"https:\/\/thirsty-elbakyan.194-164-170-140.plesk.page\/index.php?rest_route=%2Fwp%2Fv2%2Fproduct_brand&post=13106"},{"taxonomy":"product_cat","embeddable":true,"href":"https:\/\/thirsty-elbakyan.194-164-170-140.plesk.page\/index.php?rest_route=%2Fwp%2Fv2%2Fproduct_cat&post=13106"},{"taxonomy":"product_tag","embeddable":true,"href":"https:\/\/thirsty-elbakyan.194-164-170-140.plesk.page\/index.php?rest_route=%2Fwp%2Fv2%2Fproduct_tag&post=13106"}],"curies":[{"name":"wp","href":"https:\/\/api.w.org\/{rel}","templated":true}]}}