{"id":13197,"date":"2025-03-14T14:08:50","date_gmt":"2025-03-14T12:08:50","guid":{"rendered":"https:\/\/thirsty-elbakyan.194-164-170-140.plesk.page\/?post_type=product&#038;p=13197"},"modified":"2025-03-14T14:13:31","modified_gmt":"2025-03-14T12:13:31","slug":"anillo-mujer-o-nina-oro-9-k-trebol","status":"publish","type":"product","link":"https:\/\/thirsty-elbakyan.194-164-170-140.plesk.page\/?product=anillo-mujer-o-nina-oro-9-k-trebol","title":{"rendered":"Anillo mujer o ni\u00f1a oro 9 k. Tr\u00e9bol"},"content":{"rendered":"<p>Anillo mujer o ni\u00f1a oro 9 k. Tr\u00e9bol<\/p>\n<p>En oro de 9 kilates<\/p>\n<p>Con el motivo de un tr\u00e9bol de 8 mm.<\/p>\n<p>Disponible a la medida N.\u00ba 14<\/p>\n<p>Otras medidas consultar<\/p>\n<p>Esta joya tiene la garant\u00eda de oro de 9 kilates, que puede\u00a0comprobar\u00a0en\u00a0el\u00a0contraste\u00a0que\u00a0lleva\u00a0la\u00a0pieza<\/p>\n<p>Se env\u00eda en caja y papel de regalo<\/p>\n<p>&nbsp;<\/p>\n","protected":false},"excerpt":{"rendered":"<p><strong>ANILLO TREBOL<\/strong><\/p>\n","protected":false},"featured_media":13198,"template":"","meta":[],"product_brand":[],"product_cat":[70,31,20,73],"product_tag":[1984,250,240,242,244,1409],"class_list":{"0":"post-13197","1":"product","2":"type-product","3":"status-publish","4":"has-post-thumbnail","6":"product_cat-9-kts-oro","7":"product_cat-anillos","8":"product_cat-oro","9":"product_cat-oro-amarillo","10":"product_tag-9-kilates","11":"product_tag-anillo","12":"product_tag-mujer","13":"product_tag-nina","14":"product_tag-oro","15":"product_tag-trebol","17":"first","18":"instock","19":"taxable","20":"shipping-taxable","21":"purchasable","22":"product-type-simple"},"_links":{"self":[{"href":"https:\/\/thirsty-elbakyan.194-164-170-140.plesk.page\/index.php?rest_route=\/wp\/v2\/product\/13197","targetHints":{"allow":["GET"]}}],"collection":[{"href":"https:\/\/thirsty-elbakyan.194-164-170-140.plesk.page\/index.php?rest_route=\/wp\/v2\/product"}],"about":[{"href":"https:\/\/thirsty-elbakyan.194-164-170-140.plesk.page\/index.php?rest_route=\/wp\/v2\/types\/product"}],"wp:featuredmedia":[{"embeddable":true,"href":"https:\/\/thirsty-elbakyan.194-164-170-140.plesk.page\/index.php?rest_route=\/wp\/v2\/media\/13198"}],"wp:attachment":[{"href":"https:\/\/thirsty-elbakyan.194-164-170-140.plesk.page\/index.php?rest_route=%2Fwp%2Fv2%2Fmedia&parent=13197"}],"wp:term":[{"taxonomy":"product_brand","embeddable":true,"href":"https:\/\/thirsty-elbakyan.194-164-170-140.plesk.page\/index.php?rest_route=%2Fwp%2Fv2%2Fproduct_brand&post=13197"},{"taxonomy":"product_cat","embeddable":true,"href":"https:\/\/thirsty-elbakyan.194-164-170-140.plesk.page\/index.php?rest_route=%2Fwp%2Fv2%2Fproduct_cat&post=13197"},{"taxonomy":"product_tag","embeddable":true,"href":"https:\/\/thirsty-elbakyan.194-164-170-140.plesk.page\/index.php?rest_route=%2Fwp%2Fv2%2Fproduct_tag&post=13197"}],"curies":[{"name":"wp","href":"https:\/\/api.w.org\/{rel}","templated":true}]}}