{"id":13385,"date":"2025-04-07T12:43:41","date_gmt":"2025-04-07T10:43:41","guid":{"rendered":"https:\/\/thirsty-elbakyan.194-164-170-140.plesk.page\/?post_type=product&#038;p=13385"},"modified":"2025-04-07T12:43:41","modified_gmt":"2025-04-07T10:43:41","slug":"pulsera-nina-comunion-plata-chapada","status":"publish","type":"product","link":"https:\/\/thirsty-elbakyan.194-164-170-140.plesk.page\/?product=pulsera-nina-comunion-plata-chapada","title":{"rendered":"Pulsera ni\u00f1a Comuni\u00f3n Plata chapada"},"content":{"rendered":"<p>Pulsera ni\u00f1a Comuni\u00f3n Plata chapada<\/p>\n<article class=\"4ever-article\" data-clipboard-cangjie=\"[&quot;root&quot;,{&quot;copyFrom&quot;:1821447655},[&quot;p&quot;,{&quot;jc&quot;:&quot;left&quot;,&quot;ind&quot;:{},&quot;spacing&quot;:{}},[&quot;span&quot;,{&quot;data-type&quot;:&quot;text&quot;},[&quot;span&quot;,{&quot;data-type&quot;:&quot;leaf&quot;},&quot;Pulsera ni\u00f1a primera Comuni\u00f3n plata&quot;]]],[&quot;p&quot;,{&quot;jc&quot;:&quot;left&quot;,&quot;ind&quot;:{},&quot;spacing&quot;:{}},[&quot;span&quot;,{&quot;data-type&quot;:&quot;text&quot;},[&quot;span&quot;,{&quot;data-type&quot;:&quot;leaf&quot;},&quot;En\u00a0plata\u00a0de\u00a0ley\u00a0925\u00a0mm.\u00a0con\u00a0ba\u00f1o\u00a0de\u00a0rodio&quot;]]],[&quot;p&quot;,{&quot;jc&quot;:&quot;left&quot;,&quot;ind&quot;:{},&quot;spacing&quot;:{}},[&quot;span&quot;,{&quot;data-type&quot;:&quot;text&quot;},[&quot;span&quot;,{&quot;data-type&quot;:&quot;leaf&quot;},&quot;Con tres colgantes&quot;]]],[&quot;p&quot;,{&quot;jc&quot;:&quot;left&quot;,&quot;ind&quot;:{},&quot;spacing&quot;:{}},[&quot;span&quot;,{&quot;data-type&quot;:&quot;text&quot;},[&quot;span&quot;,{&quot;data-type&quot;:&quot;leaf&quot;},&quot;C\u00e1liz, \u00c1ngel y cruz&quot;]]],[&quot;p&quot;,{&quot;jc&quot;:&quot;left&quot;,&quot;ind&quot;:{},&quot;spacing&quot;:{}},[&quot;span&quot;,{&quot;data-type&quot;:&quot;text&quot;},[&quot;span&quot;,{&quot;data-type&quot;:&quot;leaf&quot;},&quot;Largo\u00a017\u00a0+3\u00a0cm.\u00a0de\u00a0cadenita&quot;]]],[&quot;p&quot;,{&quot;jc&quot;:&quot;left&quot;,&quot;ind&quot;:{},&quot;spacing&quot;:{}},[&quot;span&quot;,{&quot;data-type&quot;:&quot;text&quot;},[&quot;span&quot;,{&quot;data-type&quot;:&quot;leaf&quot;},&quot;Sistema\u00a0de\u00a0cierre\u00a0mosquet\u00f3n&quot;]]],[&quot;p&quot;,{&quot;jc&quot;:&quot;left&quot;,&quot;ind&quot;:{},&quot;spacing&quot;:{}},[&quot;span&quot;,{&quot;data-type&quot;:&quot;text&quot;},[&quot;span&quot;,{&quot;data-type&quot;:&quot;leaf&quot;},&quot;Se\u00a0env\u00eda\u00a0en\u00a0caja\u00a0y\u00a0papel\u00a0de\u00a0regalo&quot;]]]]\">En plata de ley 925 mm. con ba\u00f1o de oro amarillo<\/p>\n<p>Con dos colgantes<\/p>\n<p>C\u00e1liz, y Cruz con circonitas engarzadas en patillas<\/p>\n<p>Largo\u00a017\u00a0+3\u00a0cm.\u00a0de\u00a0cadenita<\/p>\n<p>Sistema\u00a0de\u00a0cierre\u00a0mosquet\u00f3n<\/p>\n<p>Se\u00a0env\u00eda\u00a0en\u00a0caja\u00a0y\u00a0papel\u00a0de\u00a0regalo<\/p>\n<\/article>\n","protected":false},"excerpt":{"rendered":"<p>Pulsera ni\u00f1a Comuni\u00f3n Plata chapada<\/p>\n","protected":false},"featured_media":13378,"template":"","meta":[],"product_brand":[],"product_cat":[98,69,95,21,99,102,59],"product_tag":[1957,948,1672,393,242,245,249],"class_list":{"0":"post-13385","1":"product","2":"type-product","3":"status-publish","4":"has-post-thumbnail","6":"product_cat-comunion","7":"product_cat-comunion-plata","8":"product_cat-con-piedras","9":"product_cat-plata","10":"product_cat-plata-comunion","11":"product_cat-pulseras-plata-comunion","12":"product_cat-pulseras-plata","13":"product_tag-bano-de-oro","14":"product_tag-caliz","15":"product_tag-chapado-oro","16":"product_tag-cruz","17":"product_tag-nina","18":"product_tag-plata","19":"product_tag-pulsera","21":"first","22":"instock","23":"taxable","24":"shipping-taxable","25":"purchasable","26":"product-type-simple"},"_links":{"self":[{"href":"https:\/\/thirsty-elbakyan.194-164-170-140.plesk.page\/index.php?rest_route=\/wp\/v2\/product\/13385","targetHints":{"allow":["GET"]}}],"collection":[{"href":"https:\/\/thirsty-elbakyan.194-164-170-140.plesk.page\/index.php?rest_route=\/wp\/v2\/product"}],"about":[{"href":"https:\/\/thirsty-elbakyan.194-164-170-140.plesk.page\/index.php?rest_route=\/wp\/v2\/types\/product"}],"wp:featuredmedia":[{"embeddable":true,"href":"https:\/\/thirsty-elbakyan.194-164-170-140.plesk.page\/index.php?rest_route=\/wp\/v2\/media\/13378"}],"wp:attachment":[{"href":"https:\/\/thirsty-elbakyan.194-164-170-140.plesk.page\/index.php?rest_route=%2Fwp%2Fv2%2Fmedia&parent=13385"}],"wp:term":[{"taxonomy":"product_brand","embeddable":true,"href":"https:\/\/thirsty-elbakyan.194-164-170-140.plesk.page\/index.php?rest_route=%2Fwp%2Fv2%2Fproduct_brand&post=13385"},{"taxonomy":"product_cat","embeddable":true,"href":"https:\/\/thirsty-elbakyan.194-164-170-140.plesk.page\/index.php?rest_route=%2Fwp%2Fv2%2Fproduct_cat&post=13385"},{"taxonomy":"product_tag","embeddable":true,"href":"https:\/\/thirsty-elbakyan.194-164-170-140.plesk.page\/index.php?rest_route=%2Fwp%2Fv2%2Fproduct_tag&post=13385"}],"curies":[{"name":"wp","href":"https:\/\/api.w.org\/{rel}","templated":true}]}}