{"id":1817,"date":"2020-05-01T18:25:11","date_gmt":"2020-05-01T16:25:11","guid":{"rendered":"https:\/\/thirsty-elbakyan.194-164-170-140.plesk.page\/?post_type=product&#038;p=1817"},"modified":"2024-10-25T13:18:52","modified_gmt":"2024-10-25T11:18:52","slug":"medalla-virgen-nina-oro-18-ktes-5","status":"publish","type":"product","link":"https:\/\/thirsty-elbakyan.194-164-170-140.plesk.page\/?product=medalla-virgen-nina-oro-18-ktes-5","title":{"rendered":"Medalla Comuni\u00f3n Virgen ni\u00f1a"},"content":{"rendered":"<p><strong>Medalla Comuni\u00f3n Virgen ni\u00f1a<\/strong><\/p>\n<p><b>En oro de ley de 18 quilates<\/b><\/p>\n<p><strong>Medida 19 X 11 MM.<\/strong><\/p>\n<p><strong>Se env\u00eda con caja, papel de regalo y pegatina<\/strong><\/p>\n","protected":false},"excerpt":{"rendered":"<p><strong>MEDALLA VIRGEN NI\u00d1A<\/strong><\/p>\n<p><strong>ENVIO GRATIS<\/strong><\/p>\n","protected":false},"featured_media":6142,"template":"","meta":[],"product_brand":[],"product_cat":[98,68,125,82,100,20],"product_tag":[997,247,647,255,244,1205],"class_list":{"0":"post-1817","1":"product","2":"type-product","3":"status-publish","4":"has-post-thumbnail","6":"product_cat-comunion","7":"product_cat-comunion-oro","8":"product_cat-medallas-oro-comunion","9":"product_cat-medallas-comunion","10":"product_cat-oro-comunion","11":"product_cat-oro","12":"product_tag-18-quilates","13":"product_tag-comunion","14":"product_tag-de-ley","15":"product_tag-medalla","16":"product_tag-oro","17":"product_tag-virgen-nina","18":"wcpa_has_options","20":"first","21":"instock","22":"taxable","23":"shipping-taxable","24":"purchasable","25":"product-type-simple"},"_links":{"self":[{"href":"https:\/\/thirsty-elbakyan.194-164-170-140.plesk.page\/index.php?rest_route=\/wp\/v2\/product\/1817","targetHints":{"allow":["GET"]}}],"collection":[{"href":"https:\/\/thirsty-elbakyan.194-164-170-140.plesk.page\/index.php?rest_route=\/wp\/v2\/product"}],"about":[{"href":"https:\/\/thirsty-elbakyan.194-164-170-140.plesk.page\/index.php?rest_route=\/wp\/v2\/types\/product"}],"wp:featuredmedia":[{"embeddable":true,"href":"https:\/\/thirsty-elbakyan.194-164-170-140.plesk.page\/index.php?rest_route=\/wp\/v2\/media\/6142"}],"wp:attachment":[{"href":"https:\/\/thirsty-elbakyan.194-164-170-140.plesk.page\/index.php?rest_route=%2Fwp%2Fv2%2Fmedia&parent=1817"}],"wp:term":[{"taxonomy":"product_brand","embeddable":true,"href":"https:\/\/thirsty-elbakyan.194-164-170-140.plesk.page\/index.php?rest_route=%2Fwp%2Fv2%2Fproduct_brand&post=1817"},{"taxonomy":"product_cat","embeddable":true,"href":"https:\/\/thirsty-elbakyan.194-164-170-140.plesk.page\/index.php?rest_route=%2Fwp%2Fv2%2Fproduct_cat&post=1817"},{"taxonomy":"product_tag","embeddable":true,"href":"https:\/\/thirsty-elbakyan.194-164-170-140.plesk.page\/index.php?rest_route=%2Fwp%2Fv2%2Fproduct_tag&post=1817"}],"curies":[{"name":"wp","href":"https:\/\/api.w.org\/{rel}","templated":true}]}}