{"id":1857,"date":"2020-05-02T10:12:22","date_gmt":"2020-05-02T08:12:22","guid":{"rendered":"https:\/\/thirsty-elbakyan.194-164-170-140.plesk.page\/?post_type=product&#038;p=1857"},"modified":"2024-10-25T13:09:22","modified_gmt":"2024-10-25T11:09:22","slug":"medalla-bebe-virgen-nina-2","status":"publish","type":"product","link":"https:\/\/thirsty-elbakyan.194-164-170-140.plesk.page\/?product=medalla-bebe-virgen-nina-2","title":{"rendered":"Medalla beb\u00e9 Virgen ni\u00f1a"},"content":{"rendered":"<p><strong>Medalla beb\u00e9 Virgen ni\u00f1a<\/strong><\/p>\n<p><b>En oro de ley de 18 quilates<\/b><\/p>\n<p><b>Medida\u00a0 21 <\/b><b>X 12 MM.<\/b><\/p>\n<p><strong>Se env\u00eda con caja, papel de regalo y pegatina<\/strong><\/p>\n","protected":false},"excerpt":{"rendered":"<p><strong>MEDALLA VIRGEN NI\u00d1A<\/strong><\/p>\n<p><strong>ENVIO GRATIS<\/strong><\/p>\n","protected":false},"featured_media":6180,"template":"","meta":[],"product_brand":[],"product_cat":[83,42,20],"product_tag":[997,243,647,255,244,1205],"class_list":{"0":"post-1857","1":"product","2":"type-product","3":"status-publish","4":"has-post-thumbnail","6":"product_cat-medallas-bebe","7":"product_cat-medallas-oro","8":"product_cat-oro","9":"product_tag-18-quilates","10":"product_tag-bebe","11":"product_tag-de-ley","12":"product_tag-medalla","13":"product_tag-oro","14":"product_tag-virgen-nina","15":"wcpa_has_options","17":"first","18":"instock","19":"taxable","20":"shipping-taxable","21":"purchasable","22":"product-type-simple"},"_links":{"self":[{"href":"https:\/\/thirsty-elbakyan.194-164-170-140.plesk.page\/index.php?rest_route=\/wp\/v2\/product\/1857","targetHints":{"allow":["GET"]}}],"collection":[{"href":"https:\/\/thirsty-elbakyan.194-164-170-140.plesk.page\/index.php?rest_route=\/wp\/v2\/product"}],"about":[{"href":"https:\/\/thirsty-elbakyan.194-164-170-140.plesk.page\/index.php?rest_route=\/wp\/v2\/types\/product"}],"wp:featuredmedia":[{"embeddable":true,"href":"https:\/\/thirsty-elbakyan.194-164-170-140.plesk.page\/index.php?rest_route=\/wp\/v2\/media\/6180"}],"wp:attachment":[{"href":"https:\/\/thirsty-elbakyan.194-164-170-140.plesk.page\/index.php?rest_route=%2Fwp%2Fv2%2Fmedia&parent=1857"}],"wp:term":[{"taxonomy":"product_brand","embeddable":true,"href":"https:\/\/thirsty-elbakyan.194-164-170-140.plesk.page\/index.php?rest_route=%2Fwp%2Fv2%2Fproduct_brand&post=1857"},{"taxonomy":"product_cat","embeddable":true,"href":"https:\/\/thirsty-elbakyan.194-164-170-140.plesk.page\/index.php?rest_route=%2Fwp%2Fv2%2Fproduct_cat&post=1857"},{"taxonomy":"product_tag","embeddable":true,"href":"https:\/\/thirsty-elbakyan.194-164-170-140.plesk.page\/index.php?rest_route=%2Fwp%2Fv2%2Fproduct_tag&post=1857"}],"curies":[{"name":"wp","href":"https:\/\/api.w.org\/{rel}","templated":true}]}}