{"id":2883,"date":"2020-07-09T11:20:27","date_gmt":"2020-07-09T09:20:27","guid":{"rendered":"https:\/\/thirsty-elbakyan.194-164-170-140.plesk.page\/?post_type=product&#038;p=2883"},"modified":"2025-03-03T20:52:03","modified_gmt":"2025-03-03T18:52:03","slug":"pendientes-bola-lisa-10mm","status":"publish","type":"product","link":"https:\/\/thirsty-elbakyan.194-164-170-140.plesk.page\/?product=pendientes-bola-lisa-10mm","title":{"rendered":"Pendientes bola lisa 10mm para mujer, ni\u00f1a o beb\u00e9, oro 18K"},"content":{"rendered":"<p>Pendientes bola lisa 10mm para mujer, ni\u00f1a o beb\u00e9, oro 18K<\/p>\n<p>En oro de ley de 18 quilates<\/p>\n<p>Sistema de cierre palillo a rosca<\/p>\n<p style=\"text-align: left;\">Todas nuestras joyas se presentan en un elegante estuche, para una presentaci\u00f3n elegante, que asegure satisfacci\u00f3n y confianza en su compra.<button class=\"rank-math-content-ai-tooltip\">Acortar con IA<\/button><\/p>\n<p style=\"text-align: left;\">\u00abDescubre la colecci\u00f3n de pendientes de oro de 18 kilates para mujer, beb\u00e9 o ni\u00f1a en Joyer\u00eda Bastanchury, donde la calidad, seguridad y dise\u00f1o se unen para ofrecer piezas \u00fanicas y delicadas. Nuestros pendientes est\u00e1n especialmente dise\u00f1ados pensando en la comodidad y bienestar de los m\u00e1s peque\u00f1os, elaborados con materiales hipoalerg\u00e9nicos y acabados suaves.<br \/>\nPerfectos para ocasiones especiales como bautizos, cumplea\u00f1os o simplemente para realzar la belleza de tu beb\u00e9 o ni\u00f1a con un toque elegante y significativo. En Joyer\u00eda Bastanchury, encontrar\u00e1s el regalo ideal que combina tradici\u00f3n y estilo, creando recuerdos inolvidables.\u201c<button class=\"rank-math-content-ai-tooltip\">Acortar con IA<\/button><\/p>\n<p style=\"text-align: left;\">Los Pendientes de mujer o ni\u00f1a de Joyer\u00eda Bastanchury son una joya especial dise\u00f1ado para mujeres y ni\u00f1as e incluso beb\u00e9s, caracterizado por su delicadeza, suavidad en el dise\u00f1o y el uso de materiales de alta calidad. Al estar hecha de oro de 18K, garantiza un nivel \u00f3ptimo de pureza y resistencia, ideal para una joya infantil.<\/p>\n<p style=\"text-align: left;\">Aqu\u00ed tienes las principales caracter\u00edsticas de los pendientes de mujer, ni\u00f1a o beb\u00e9 en oro de 18 kilates:<button class=\"rank-math-content-ai-tooltip\">Acortar con IA<\/button><\/p>\n<p style=\"text-align: left;\"><b>1. Material de alta calidad:<br \/>\n<\/b>Fabricados en oro puro de <b>18 kilates<\/b>, reconocido por su durabilidad y resistencia.<br \/>\nEl oro de 18K es ideal para pieles sensibles, reduciendo el riesgo de irritaciones o alergias.<button class=\"rank-math-content-ai-tooltip\">Acortar con IA<\/button><\/p>\n<p style=\"text-align: left;\"><b>2. Dise\u00f1o seguro:<br \/>\nPuntas redondeadas y acabados suaves<\/b> para evitar molestias en la delicada piel.<br \/>\nDise\u00f1os livianos y peque\u00f1os, especialmente pensados para adaptarse c\u00f3modamente a las orejas. <b>Cierres seguros<\/b>, como el cierre de rosca o presi\u00f3n, que evitan que se suelten f\u00e1cilmente.<button class=\"rank-math-content-ai-tooltip\">Acortar con IA<\/button><\/p>\n<p style=\"text-align: left;\"><b>3. Estilo infantil y delicado:<br \/>\n<\/b>Dise\u00f1os adorables y minimalistas, como formas de flores, estrellas, corazones o figuras tradicionales.<br \/>\nAcabados brillantes o mate que aportan un toque elegante y encantador.<button class=\"rank-math-content-ai-tooltip\">Acortar con IA<\/button><\/p>\n<p style=\"text-align: left;\"><b>4. Beneficios hipoalerg\u00e9nicos:<br \/>\n<\/b>Oro de 18K, libre de n\u00edquel, ideal para evitar reacciones al\u00e9rgicas en la piel sensible.<button class=\"rank-math-content-ai-tooltip\">Acortar con IA<\/button><\/p>\n<p style=\"text-align: left;\"><b>5. Durabilidad y valor: <\/b>El oro de 18K es altamente resistente al desgaste, asegurando que los pendientes mantendr\u00e1n su brillo y belleza con el tiempo.<br \/>\nUna inversi\u00f3n significativa que puede convertirse en un recuerdo duradero.<button class=\"rank-math-content-ai-tooltip\">Acortar con IA<\/button><\/p>\n<p style=\"text-align: left;\">Esta joya tiene la garant\u00eda de oro de 18 kilates, que puede comprobar, en el contraste que lleva la pieza, obtenido de los laboratorios\u00a0 oficiales autorizados de verificaci\u00f3n y contraste de metales preciosos espa\u00f1oles acreditados por el ENAC, seg\u00fan la normativa internacional ISO 17025 para la realizaci\u00f3n de oro y plata en objetos de joyer\u00eda. Por lo que cumplimos con la normativa de la ley espa\u00f1ola y europea de metales preciosos.<\/p>\n<p style=\"text-align: left;\">Si deseas m\u00e1s informaci\u00f3n, puedes consultar directamente con Joyer\u00eda Bastanchury para revisar opciones de dise\u00f1o, precios y disponibilidad en sus colecciones.<br \/>\nConsejo:<a href=\"https:\/\/www.youtube.com\/watch?v=GtZS_43ERbs\" rel=\"nofollow noopener\" target=\"_blank\"> como limpiar tus joyas<\/a><\/p>\n","protected":false},"excerpt":{"rendered":"<p><strong>Pendientes bola lisa 10mm para mujer, ni\u00f1a o beb\u00e9, oro 18K<\/strong><\/p>\n","protected":false},"featured_media":2884,"template":"","meta":[],"product_brand":[],"product_cat":[64,20,40],"product_tag":[309,997,291,270,292,265,294],"class_list":{"0":"post-2883","1":"product","2":"type-product","3":"status-publish","4":"has-post-thumbnail","6":"product_cat-de-tornillo","7":"product_cat-oro","8":"product_cat-pendientes-oro","9":"product_tag-10-mm","10":"product_tag-18-quilates","11":"product_tag-bola","12":"product_tag-cierre-palillo","13":"product_tag-lisas","14":"product_tag-pendiente","15":"product_tag-presion","17":"first","18":"instock","19":"taxable","20":"shipping-taxable","21":"purchasable","22":"product-type-simple"},"_links":{"self":[{"href":"https:\/\/thirsty-elbakyan.194-164-170-140.plesk.page\/index.php?rest_route=\/wp\/v2\/product\/2883","targetHints":{"allow":["GET"]}}],"collection":[{"href":"https:\/\/thirsty-elbakyan.194-164-170-140.plesk.page\/index.php?rest_route=\/wp\/v2\/product"}],"about":[{"href":"https:\/\/thirsty-elbakyan.194-164-170-140.plesk.page\/index.php?rest_route=\/wp\/v2\/types\/product"}],"wp:featuredmedia":[{"embeddable":true,"href":"https:\/\/thirsty-elbakyan.194-164-170-140.plesk.page\/index.php?rest_route=\/wp\/v2\/media\/2884"}],"wp:attachment":[{"href":"https:\/\/thirsty-elbakyan.194-164-170-140.plesk.page\/index.php?rest_route=%2Fwp%2Fv2%2Fmedia&parent=2883"}],"wp:term":[{"taxonomy":"product_brand","embeddable":true,"href":"https:\/\/thirsty-elbakyan.194-164-170-140.plesk.page\/index.php?rest_route=%2Fwp%2Fv2%2Fproduct_brand&post=2883"},{"taxonomy":"product_cat","embeddable":true,"href":"https:\/\/thirsty-elbakyan.194-164-170-140.plesk.page\/index.php?rest_route=%2Fwp%2Fv2%2Fproduct_cat&post=2883"},{"taxonomy":"product_tag","embeddable":true,"href":"https:\/\/thirsty-elbakyan.194-164-170-140.plesk.page\/index.php?rest_route=%2Fwp%2Fv2%2Fproduct_tag&post=2883"}],"curies":[{"name":"wp","href":"https:\/\/api.w.org\/{rel}","templated":true}]}}