{"id":3396,"date":"2020-07-22T13:17:02","date_gmt":"2020-07-22T11:17:02","guid":{"rendered":"https:\/\/thirsty-elbakyan.194-164-170-140.plesk.page\/?post_type=product&#038;p=3396"},"modified":"2025-03-11T14:31:22","modified_gmt":"2025-03-11T12:31:22","slug":"cadena-oro-singapur-50cm-5","status":"publish","type":"product","link":"https:\/\/thirsty-elbakyan.194-164-170-140.plesk.page\/?product=cadena-oro-singapur-50cm-5","title":{"rendered":"Cadena oro 18 k. Singapur 50 cm."},"content":{"rendered":"<p>Cadena oro 18 k. Singapur 50 cm.<\/p>\n<p>Cadena de oro de ley de 18 quilates<\/p>\n<p>Modelo Singapur<\/p>\n<p>Largo 50 cm. Ancho 1,2 mm.<\/p>\n<p>Sistema de cierre reasa<\/p>\n<p>Tama\u00f1o mediano para mujer, ni\u00f1a o Comuni\u00f3n<\/p>\n<p>Se env\u00eda en caja, papel de regalo y pegatina<\/p>\n<p>&nbsp;<\/p>\n<p>&nbsp;<\/p>\n","protected":false},"excerpt":{"rendered":"<p><strong>CADENA SINGAPUR<\/strong><\/p>\n<p><strong>ENVIO GRATIS<\/strong><\/p>\n","protected":false},"featured_media":3385,"template":"","meta":[],"product_brand":[],"product_cat":[131,74,47,98,100,20],"product_tag":[997,491,262,647,240,242,244,362],"class_list":{"0":"post-3396","1":"product","2":"type-product","3":"status-publish","4":"has-post-thumbnail","6":"product_cat-cadenas","7":"product_cat-cadenas-eslabones","8":"product_cat-cadenas-oro","9":"product_cat-comunion","10":"product_cat-oro-comunion","11":"product_cat-oro","12":"product_tag-18-quilates","13":"product_tag-50-cm","14":"product_tag-cadena","15":"product_tag-de-ley","16":"product_tag-mujer","17":"product_tag-nina","18":"product_tag-oro","19":"product_tag-singapur","21":"first","22":"instock","23":"sale","24":"taxable","25":"shipping-taxable","26":"purchasable","27":"product-type-simple"},"_links":{"self":[{"href":"https:\/\/thirsty-elbakyan.194-164-170-140.plesk.page\/index.php?rest_route=\/wp\/v2\/product\/3396","targetHints":{"allow":["GET"]}}],"collection":[{"href":"https:\/\/thirsty-elbakyan.194-164-170-140.plesk.page\/index.php?rest_route=\/wp\/v2\/product"}],"about":[{"href":"https:\/\/thirsty-elbakyan.194-164-170-140.plesk.page\/index.php?rest_route=\/wp\/v2\/types\/product"}],"wp:featuredmedia":[{"embeddable":true,"href":"https:\/\/thirsty-elbakyan.194-164-170-140.plesk.page\/index.php?rest_route=\/wp\/v2\/media\/3385"}],"wp:attachment":[{"href":"https:\/\/thirsty-elbakyan.194-164-170-140.plesk.page\/index.php?rest_route=%2Fwp%2Fv2%2Fmedia&parent=3396"}],"wp:term":[{"taxonomy":"product_brand","embeddable":true,"href":"https:\/\/thirsty-elbakyan.194-164-170-140.plesk.page\/index.php?rest_route=%2Fwp%2Fv2%2Fproduct_brand&post=3396"},{"taxonomy":"product_cat","embeddable":true,"href":"https:\/\/thirsty-elbakyan.194-164-170-140.plesk.page\/index.php?rest_route=%2Fwp%2Fv2%2Fproduct_cat&post=3396"},{"taxonomy":"product_tag","embeddable":true,"href":"https:\/\/thirsty-elbakyan.194-164-170-140.plesk.page\/index.php?rest_route=%2Fwp%2Fv2%2Fproduct_tag&post=3396"}],"curies":[{"name":"wp","href":"https:\/\/api.w.org\/{rel}","templated":true}]}}