{"id":3773,"date":"2020-08-04T13:08:42","date_gmt":"2020-08-04T11:08:42","guid":{"rendered":"https:\/\/thirsty-elbakyan.194-164-170-140.plesk.page\/?post_type=product&#038;p=3773"},"modified":"2025-03-12T19:44:23","modified_gmt":"2025-03-12T17:44:23","slug":"esclava-comunion-eslabon-combinado","status":"publish","type":"product","link":"https:\/\/thirsty-elbakyan.194-164-170-140.plesk.page\/?product=esclava-comunion-eslabon-combinado","title":{"rendered":"Esclava Comuni\u00f3n eslab\u00f3n combinado, para ni\u00f1os. Oro 18 kilates"},"content":{"rendered":"<p>Esclava Comuni\u00f3n eslab\u00f3n combinado, para ni\u00f1os. Oro 18 kilates<\/p>\n<p>En oro de ley de 18 quilates<\/p>\n<p>Para Comuni\u00f3n o mujer<\/p>\n<p>Eslab\u00f3n combinado en brillo y mate\u00a0 labrado<\/p>\n<p>Medida de largo 18 cm.<\/p>\n<p>Peso 3.42 gr.<\/p>\n<p>Ancho de eslab\u00f3n 5.40 mm.<\/p>\n<p>Capa cuadrada matizada con labrado en los bordes<\/p>\n<p>Medida de chapa 29 x 6 mm.<\/p>\n<p>Cierre mosquet\u00f3n<\/p>\n<p>Se puede personalizar<\/p>\n<p>Grabado gratis<\/p>\n<p>-Todas nuestras joyas se presentan en un elegante estuche, para una presentaci\u00f3n elegante, que asegure satisfacci\u00f3n y confianza en su compra.<\/p>\n<p><b>Esclava Comuni\u00f3n ni\u00f1a oro 18 kilates con piedras\u00a0| Exclusividad en Joyer\u00eda Bastanchury\u00bb<\/b><\/p>\n<p>Haz que el d\u00eda de la Primera Comuni\u00f3n sea inolvidable con una joya \u00fanica. En Joyer\u00eda Bastanchury, ofrecemos esclavas de comuni\u00f3n en oro de 18 kilates, cuidadosamente dise\u00f1adas para reflejar la pureza, elegancia y significado de esta ocasi\u00f3n especial. Cada esclava est\u00e1 elaborada con materiales de la m\u00e1s alta calidad, garantizando su durabilidad y belleza a lo largo del lazo.<\/p>\n<p>Personalizamos cada pieza con grabados exclusivos, como nombres, fechas o mensajes especiales, convirtiendo cada joya en un recuerdo eterno. Nuestra tradici\u00f3n joyera y atenci\u00f3n al detalle aseguran que cada esclava sea m\u00e1s que un accesorio: es una herencia que se transmitir\u00e1 de generaci\u00f3n en generaci\u00f3n.<\/p>\n<p>-Esta joya tiene la garant\u00eda de oro de 18 kilates, que puede comprobar, en el contraste que lleva la pieza, obtenido de los laboratorios\u00a0 oficiales autorizados\u00a0\u00a0 de verificaci\u00f3n y contraste de metales preciosos espa\u00f1oles acreditados por el ENAC, seg\u00fan la normativa internacional ISO 17025 para la realizaci\u00f3n de oro y plata en objetos\u00a0 de joyer\u00eda. Por lo que cumplimos con la normativa de la ley espa\u00f1ola y europea de metales preciosos<\/p>\n<h4>&#8211; Algunas caracter\u00edsticas esclava Comuni\u00f3n ni\u00f1a oro 18 kilates con piedras, comunes en este tipo de joya son:<\/h4>\n<ul>\n<li><b>Material<\/b>: Oro de 18K, hipoalerg\u00e9nico y seguro para la piel delicada.<\/li>\n<li><b>Dise\u00f1o<\/b>: Placa central para grabado, con bordes lisos y seguros.<\/li>\n<li><b>Tama\u00f1o ajustable<\/b>: Muchas esclavas de Comuni\u00f3n tienen cierres ajustables para adaptarse al crecimiento del ni\u00f1o.<\/li>\n<li><b>Acabado<\/b>: Pulido y suave al tacto para evitar incomodidades.<\/li>\n<\/ul>\n<p>Si deseas m\u00e1s informaci\u00f3n, puedes consultar directamente con Joyer\u00eda Bastanchury para revisar opciones de dise\u00f1o, precios y disponibilidad en sus colecciones.<\/p>\n<p>Consejo:<a href=\"https:\/\/www.youtube.com\/watch?v=GtZS_43ERbs\" rel=\"nofollow noopener\" target=\"_blank\"> como limpiar tus joyas de oro<\/a><\/p>\n","protected":false},"excerpt":{"rendered":"<p><strong>Esclava Comuni\u00f3n eslab\u00f3n combinado, para ni\u00f1os. Oro 18 kilates<\/strong><\/p>\n<p><strong>GRABADO GRATIS<\/strong><\/p>\n<p><strong>ENVIO GRATIS<\/strong><\/p>\n","protected":false},"featured_media":12327,"template":"","meta":[],"product_brand":[],"product_cat":[519,98,130,237,100,20],"product_tag":[997,427,1201,415,584,244],"class_list":{"0":"post-3773","1":"product","2":"type-product","3":"status-publish","4":"has-post-thumbnail","6":"product_cat-esclavas-oro-esclavas-oro","7":"product_cat-comunion","8":"product_cat-esclavas-oro","9":"product_cat-esclavas-comunion","10":"product_cat-oro-comunion","11":"product_cat-oro","12":"product_tag-18-quilates","13":"product_tag-esclava","14":"product_tag-eslabon-labrado","15":"product_tag-liso","16":"product_tag-mosqueton","17":"product_tag-oro","18":"wcpa_has_options","20":"first","21":"instock","22":"taxable","23":"shipping-taxable","24":"purchasable","25":"product-type-simple"},"_links":{"self":[{"href":"https:\/\/thirsty-elbakyan.194-164-170-140.plesk.page\/index.php?rest_route=\/wp\/v2\/product\/3773","targetHints":{"allow":["GET"]}}],"collection":[{"href":"https:\/\/thirsty-elbakyan.194-164-170-140.plesk.page\/index.php?rest_route=\/wp\/v2\/product"}],"about":[{"href":"https:\/\/thirsty-elbakyan.194-164-170-140.plesk.page\/index.php?rest_route=\/wp\/v2\/types\/product"}],"wp:featuredmedia":[{"embeddable":true,"href":"https:\/\/thirsty-elbakyan.194-164-170-140.plesk.page\/index.php?rest_route=\/wp\/v2\/media\/12327"}],"wp:attachment":[{"href":"https:\/\/thirsty-elbakyan.194-164-170-140.plesk.page\/index.php?rest_route=%2Fwp%2Fv2%2Fmedia&parent=3773"}],"wp:term":[{"taxonomy":"product_brand","embeddable":true,"href":"https:\/\/thirsty-elbakyan.194-164-170-140.plesk.page\/index.php?rest_route=%2Fwp%2Fv2%2Fproduct_brand&post=3773"},{"taxonomy":"product_cat","embeddable":true,"href":"https:\/\/thirsty-elbakyan.194-164-170-140.plesk.page\/index.php?rest_route=%2Fwp%2Fv2%2Fproduct_cat&post=3773"},{"taxonomy":"product_tag","embeddable":true,"href":"https:\/\/thirsty-elbakyan.194-164-170-140.plesk.page\/index.php?rest_route=%2Fwp%2Fv2%2Fproduct_tag&post=3773"}],"curies":[{"name":"wp","href":"https:\/\/api.w.org\/{rel}","templated":true}]}}