{"id":4427,"date":"2020-10-27T21:20:39","date_gmt":"2020-10-27T19:20:39","guid":{"rendered":"https:\/\/thirsty-elbakyan.194-164-170-140.plesk.page\/?post_type=product&#038;p=4427"},"modified":"2023-05-05T18:44:43","modified_gmt":"2023-05-05T16:44:43","slug":"esclava-plata-eslabon-hungaro","status":"publish","type":"product","link":"https:\/\/thirsty-elbakyan.194-164-170-140.plesk.page\/?product=esclava-plata-eslabon-hungaro","title":{"rendered":"Esclava plata eslab\u00f3n h\u00fangaro"},"content":{"rendered":"<p>Esclava plata eslab\u00f3n h\u00fangaro<\/p>\n<p>Largo 22,50 cm.<\/p>\n<p>Chapa 48 x 12 mm.<\/p>\n<p>Eslab\u00f3n ancho 9,60 mm.<\/p>\n<p>Cierre mosquet\u00f3n<\/p>\n<p>Grabado gratuito<\/p>\n<p>Se env\u00eda con caja, papel de regalo y pegatina<\/p>\n","protected":false},"excerpt":{"rendered":"<p><strong>ESCLAVA ESLABON HUNGARO<\/strong><\/p>\n<p>Esclava para hombre con chapa matizada, se puede grabar por los dos lados y cierre de mosquet\u00f3n.<\/p>\n","protected":false},"featured_media":4414,"template":"","meta":[],"product_brand":[],"product_cat":[520,21],"product_tag":[604,427,239,429,245],"class_list":{"0":"post-4427","1":"product","2":"type-product","3":"status-publish","4":"has-post-thumbnail","6":"product_cat-esclavas","7":"product_cat-plata","8":"product_tag-20cm","9":"product_tag-esclava","10":"product_tag-hombre","11":"product_tag-hungaro","12":"product_tag-plata","13":"wcpa_has_options","15":"first","16":"instock","17":"taxable","18":"shipping-taxable","19":"purchasable","20":"product-type-simple"},"_links":{"self":[{"href":"https:\/\/thirsty-elbakyan.194-164-170-140.plesk.page\/index.php?rest_route=\/wp\/v2\/product\/4427","targetHints":{"allow":["GET"]}}],"collection":[{"href":"https:\/\/thirsty-elbakyan.194-164-170-140.plesk.page\/index.php?rest_route=\/wp\/v2\/product"}],"about":[{"href":"https:\/\/thirsty-elbakyan.194-164-170-140.plesk.page\/index.php?rest_route=\/wp\/v2\/types\/product"}],"wp:featuredmedia":[{"embeddable":true,"href":"https:\/\/thirsty-elbakyan.194-164-170-140.plesk.page\/index.php?rest_route=\/wp\/v2\/media\/4414"}],"wp:attachment":[{"href":"https:\/\/thirsty-elbakyan.194-164-170-140.plesk.page\/index.php?rest_route=%2Fwp%2Fv2%2Fmedia&parent=4427"}],"wp:term":[{"taxonomy":"product_brand","embeddable":true,"href":"https:\/\/thirsty-elbakyan.194-164-170-140.plesk.page\/index.php?rest_route=%2Fwp%2Fv2%2Fproduct_brand&post=4427"},{"taxonomy":"product_cat","embeddable":true,"href":"https:\/\/thirsty-elbakyan.194-164-170-140.plesk.page\/index.php?rest_route=%2Fwp%2Fv2%2Fproduct_cat&post=4427"},{"taxonomy":"product_tag","embeddable":true,"href":"https:\/\/thirsty-elbakyan.194-164-170-140.plesk.page\/index.php?rest_route=%2Fwp%2Fv2%2Fproduct_tag&post=4427"}],"curies":[{"name":"wp","href":"https:\/\/api.w.org\/{rel}","templated":true}]}}