{"id":5156,"date":"2020-11-23T14:25:50","date_gmt":"2020-11-23T12:25:50","guid":{"rendered":"https:\/\/thirsty-elbakyan.194-164-170-140.plesk.page\/?post_type=product&#038;p=5156"},"modified":"2025-04-07T11:18:44","modified_gmt":"2025-04-07T09:18:44","slug":"pulsera-plata-rodiada-comunion","status":"publish","type":"product","link":"https:\/\/thirsty-elbakyan.194-164-170-140.plesk.page\/?product=pulsera-plata-rodiada-comunion","title":{"rendered":"Pulsera plata primera Comuni\u00f3n rodiada"},"content":{"rendered":"<p>Pulsera plata primera Comuni\u00f3n rodiada<\/p>\n<p>En plata de ley 925 mm.<\/p>\n<p>Con tres colgantes<\/p>\n<p>La biblia, ni\u00f1a de comuni\u00f3n y C\u00e1liz<\/p>\n<p>Largo 18 cm.<\/p>\n<p>Sistema de cierre mosquet\u00f3n<\/p>\n<p>Se env\u00eda en caja y papel de regalo<\/p>\n","protected":false},"excerpt":{"rendered":"<p>Pulsera plata primera Comuni\u00f3n rodiada<\/p>\n","protected":false},"featured_media":5160,"template":"","meta":[],"product_brand":[],"product_cat":[98,69,651,99,21,447,102,59],"product_tag":[947,948,247,242,589,249],"class_list":{"0":"post-5156","1":"product","2":"type-product","3":"status-publish","4":"has-post-thumbnail","6":"product_cat-comunion","7":"product_cat-comunion-plata","8":"product_cat-destacados-inicio","9":"product_cat-plata-comunion","10":"product_cat-plata","11":"product_cat-profesiones-y-aficiones","12":"product_cat-pulseras-plata-comunion","13":"product_cat-pulseras-plata","14":"product_tag-biblia","15":"product_tag-caliz","16":"product_tag-comunion","17":"product_tag-nina","18":"product_tag-plata-de-ley","19":"product_tag-pulsera","21":"first","22":"instock","23":"taxable","24":"shipping-taxable","25":"purchasable","26":"product-type-simple"},"_links":{"self":[{"href":"https:\/\/thirsty-elbakyan.194-164-170-140.plesk.page\/index.php?rest_route=\/wp\/v2\/product\/5156","targetHints":{"allow":["GET"]}}],"collection":[{"href":"https:\/\/thirsty-elbakyan.194-164-170-140.plesk.page\/index.php?rest_route=\/wp\/v2\/product"}],"about":[{"href":"https:\/\/thirsty-elbakyan.194-164-170-140.plesk.page\/index.php?rest_route=\/wp\/v2\/types\/product"}],"wp:featuredmedia":[{"embeddable":true,"href":"https:\/\/thirsty-elbakyan.194-164-170-140.plesk.page\/index.php?rest_route=\/wp\/v2\/media\/5160"}],"wp:attachment":[{"href":"https:\/\/thirsty-elbakyan.194-164-170-140.plesk.page\/index.php?rest_route=%2Fwp%2Fv2%2Fmedia&parent=5156"}],"wp:term":[{"taxonomy":"product_brand","embeddable":true,"href":"https:\/\/thirsty-elbakyan.194-164-170-140.plesk.page\/index.php?rest_route=%2Fwp%2Fv2%2Fproduct_brand&post=5156"},{"taxonomy":"product_cat","embeddable":true,"href":"https:\/\/thirsty-elbakyan.194-164-170-140.plesk.page\/index.php?rest_route=%2Fwp%2Fv2%2Fproduct_cat&post=5156"},{"taxonomy":"product_tag","embeddable":true,"href":"https:\/\/thirsty-elbakyan.194-164-170-140.plesk.page\/index.php?rest_route=%2Fwp%2Fv2%2Fproduct_tag&post=5156"}],"curies":[{"name":"wp","href":"https:\/\/api.w.org\/{rel}","templated":true}]}}