{"id":5347,"date":"2020-12-23T14:29:09","date_gmt":"2020-12-23T12:29:09","guid":{"rendered":"https:\/\/thirsty-elbakyan.194-164-170-140.plesk.page\/?post_type=product&#038;p=5347"},"modified":"2025-03-17T14:17:51","modified_gmt":"2025-03-17T12:17:51","slug":"pendientes-de-cierre-bandas-bicolor-2","status":"publish","type":"product","link":"https:\/\/thirsty-elbakyan.194-164-170-140.plesk.page\/?product=pendientes-de-cierre-bandas-bicolor-2","title":{"rendered":"Pendientes de cierre bandas bicolor para mujer, oro 18k"},"content":{"rendered":"<p>Pendientes de cierre bandas bicolor para mujer, oro 18k<\/p>\n<p>En oro de ley 18 quilates<\/p>\n<p>Medidas 15 x 6 mm.<\/p>\n<p>Oro amarillo y oro blanco<\/p>\n<p>Con circonitas engarzadas en bisel<\/p>\n<p>Cierre catal\u00e1n<\/p>\n<p>Todas nuestras joyas se presentan en un elegante estuche, para una presentaci\u00f3n elegante, que asegure satisfacci\u00f3n y confianza en su compra<\/p>\n<p><b>&#8211; Los Pendientes de Cierre de Oro de 18 kilates de Joyer\u00eda Bastanchury \u2013 Elegancia y Durabilidad para Cada Ocasi\u00f3n<\/b><\/p>\n<p>Descubre la elegancia y durabilidad de nuestros pendientes de cierre de oro de 18 quilates, dise\u00f1ados para realzar cualquier estilo. Estos pendientes de alta calidad ofrecen un brillo excepcional y una resistencia incomparable, gracias a la pureza y al acabado profesional del oro de 18K. Perfectos para a\u00f1adir un toque de sofisticaci\u00f3n a tu look diario o para ocasiones especiales, estos pendientes de aro son un b\u00e1sico para cualquier ocasi\u00f3n.<\/p>\n<p>Fabricados con materiales hipoalerg\u00e9nicos, son seguros para pieles sensibles y presentan un dise\u00f1o cl\u00e1sico que nunca pasa de moda. Disponibles en diferentes tama\u00f1os para adaptarse a tu estilo, desde pendientes peque\u00f1os y discretos hasta piezas grandes y audaces, nuestros pendientes de cierre de oro de 18 quilates son el complemento perfecto para cualquier outfit. \u00a1Eleva tu estilo con la atemporalidad del oro de 18K y brilla en cada ocasi\u00f3n!<\/p>\n<p>-Esta joya tiene la garant\u00eda de oro de 18 kilates, que puede comprobar, en el contraste que lleva la pieza, obtenido de los laboratorios\u00a0 oficiales autorizados\u00a0\u00a0 de verificaci\u00f3n y contraste de metales preciosos espa\u00f1oles acreditados por el ENAC, seg\u00fan la normativa internacional ISO 17025 para la realizaci\u00f3n de oro y plata en objetos\u00a0 de joyer\u00eda. Por lo que cumplimos con la normativa de la ley espa\u00f1ola y europea de metales preciosos<\/p>\n<p>Algunas caracter\u00edsticas comunes en este tipo de joya son:<\/p>\n<ul>\n<li><b>Material<\/b>: Oro de 18K, hipoalerg\u00e9nico y seguro para la piel. <b>Dise\u00f1o<\/b>: Cl\u00e1sicos y modernos, ultimas tendencias<\/li>\n<li><b>Tama\u00f1o <\/b>: Diversos tama\u00f1os y grosores<\/li>\n<li><b>Acabado<\/b>: Pulido y suave al tacto para evitar incomodidades.<\/li>\n<\/ul>\n<p>Si deseas m\u00e1s informaci\u00f3n, puedes consultar directamente con Joyer\u00eda Bastanchury para revisar opciones de dise\u00f1o, precios y disponibilidad en sus colecciones.<\/p>\n<p>Consejo:<a href=\"https:\/\/www.youtube.com\/watch?v=GtZS_43ERbs\" rel=\"nofollow noopener\" target=\"_blank\"> como limpiar tus joyas de oro<\/a><\/p>\n","protected":false},"excerpt":{"rendered":"<p><strong>Pendientes de cierre bandas bicolor para mujer, oro 18k<\/strong><\/p>\n<p><strong>ENVIO GRATIS<\/strong><\/p>\n","protected":false},"featured_media":5343,"template":"","meta":[],"product_brand":[],"product_cat":[63,20,40],"product_tag":[997,1000,329,583,750,1003,244,265],"class_list":{"0":"post-5347","1":"product","2":"type-product","3":"status-publish","4":"has-post-thumbnail","6":"product_cat-de-cierre","7":"product_cat-oro","8":"product_cat-pendientes-oro","9":"product_tag-18-quilates","10":"product_tag-amarillo","11":"product_tag-bicolor","12":"product_tag-blanco","13":"product_tag-catalan","14":"product_tag-cierre","15":"product_tag-oro","16":"product_tag-pendiente","18":"first","19":"instock","20":"taxable","21":"shipping-taxable","22":"purchasable","23":"product-type-simple"},"_links":{"self":[{"href":"https:\/\/thirsty-elbakyan.194-164-170-140.plesk.page\/index.php?rest_route=\/wp\/v2\/product\/5347","targetHints":{"allow":["GET"]}}],"collection":[{"href":"https:\/\/thirsty-elbakyan.194-164-170-140.plesk.page\/index.php?rest_route=\/wp\/v2\/product"}],"about":[{"href":"https:\/\/thirsty-elbakyan.194-164-170-140.plesk.page\/index.php?rest_route=\/wp\/v2\/types\/product"}],"wp:featuredmedia":[{"embeddable":true,"href":"https:\/\/thirsty-elbakyan.194-164-170-140.plesk.page\/index.php?rest_route=\/wp\/v2\/media\/5343"}],"wp:attachment":[{"href":"https:\/\/thirsty-elbakyan.194-164-170-140.plesk.page\/index.php?rest_route=%2Fwp%2Fv2%2Fmedia&parent=5347"}],"wp:term":[{"taxonomy":"product_brand","embeddable":true,"href":"https:\/\/thirsty-elbakyan.194-164-170-140.plesk.page\/index.php?rest_route=%2Fwp%2Fv2%2Fproduct_brand&post=5347"},{"taxonomy":"product_cat","embeddable":true,"href":"https:\/\/thirsty-elbakyan.194-164-170-140.plesk.page\/index.php?rest_route=%2Fwp%2Fv2%2Fproduct_cat&post=5347"},{"taxonomy":"product_tag","embeddable":true,"href":"https:\/\/thirsty-elbakyan.194-164-170-140.plesk.page\/index.php?rest_route=%2Fwp%2Fv2%2Fproduct_tag&post=5347"}],"curies":[{"name":"wp","href":"https:\/\/api.w.org\/{rel}","templated":true}]}}