{"id":6113,"date":"2021-03-12T21:14:33","date_gmt":"2021-03-12T19:14:33","guid":{"rendered":"https:\/\/thirsty-elbakyan.194-164-170-140.plesk.page\/?post_type=product&#038;p=6113"},"modified":"2023-02-20T14:56:55","modified_gmt":"2023-02-20T12:56:55","slug":"pulsera-plata-de-mama","status":"publish","type":"product","link":"https:\/\/thirsty-elbakyan.194-164-170-140.plesk.page\/?product=pulsera-plata-de-mama","title":{"rendered":"Pulsera plata de Mam\u00e1"},"content":{"rendered":"<p>Pulsera plata de Mam\u00e1<\/p>\n<p>Pulsera en plata de ley rodiada<\/p>\n<p>Pulsera de mam\u00e1<\/p>\n<p>Con cuatro abalorios ,Mam\u00e1, Te quiero Mam\u00e1,<\/p>\n<p>Coraz\u00f3n y \u00e1rbol de la vida con la inscripci\u00f3n \u00bb coraz\u00f3n de la familia \u00bb<\/p>\n<p>Se env\u00eda con caja, papel de regalo y pegatina<\/p>\n","protected":false},"excerpt":{"rendered":"<p><strong>PULSERA DE MAMA<\/strong><\/p>\n<p><strong>ENTREGA 10-15 DIAS LABORABLES<\/strong><\/p>\n","protected":false},"featured_media":6114,"template":"","meta":[],"product_brand":[],"product_cat":[447,59],"product_tag":[1208,282,1207,647,1206,1210,245,249,1209],"class_list":{"0":"post-6113","1":"product","2":"type-product","3":"status-publish","4":"has-post-thumbnail","6":"product_cat-profesiones-y-aficiones","7":"product_cat-pulseras-plata","8":"product_tag-coraon-de-la-familia","9":"product_tag-corazon","10":"product_tag-cuatro-abalorios","11":"product_tag-de-ley","12":"product_tag-de-mama","13":"product_tag-mama","14":"product_tag-plata","15":"product_tag-pulsera","16":"product_tag-te-quiero-mama","18":"first","19":"instock","20":"taxable","21":"shipping-taxable","22":"purchasable","23":"product-type-simple"},"_links":{"self":[{"href":"https:\/\/thirsty-elbakyan.194-164-170-140.plesk.page\/index.php?rest_route=\/wp\/v2\/product\/6113","targetHints":{"allow":["GET"]}}],"collection":[{"href":"https:\/\/thirsty-elbakyan.194-164-170-140.plesk.page\/index.php?rest_route=\/wp\/v2\/product"}],"about":[{"href":"https:\/\/thirsty-elbakyan.194-164-170-140.plesk.page\/index.php?rest_route=\/wp\/v2\/types\/product"}],"wp:featuredmedia":[{"embeddable":true,"href":"https:\/\/thirsty-elbakyan.194-164-170-140.plesk.page\/index.php?rest_route=\/wp\/v2\/media\/6114"}],"wp:attachment":[{"href":"https:\/\/thirsty-elbakyan.194-164-170-140.plesk.page\/index.php?rest_route=%2Fwp%2Fv2%2Fmedia&parent=6113"}],"wp:term":[{"taxonomy":"product_brand","embeddable":true,"href":"https:\/\/thirsty-elbakyan.194-164-170-140.plesk.page\/index.php?rest_route=%2Fwp%2Fv2%2Fproduct_brand&post=6113"},{"taxonomy":"product_cat","embeddable":true,"href":"https:\/\/thirsty-elbakyan.194-164-170-140.plesk.page\/index.php?rest_route=%2Fwp%2Fv2%2Fproduct_cat&post=6113"},{"taxonomy":"product_tag","embeddable":true,"href":"https:\/\/thirsty-elbakyan.194-164-170-140.plesk.page\/index.php?rest_route=%2Fwp%2Fv2%2Fproduct_tag&post=6113"}],"curies":[{"name":"wp","href":"https:\/\/api.w.org\/{rel}","templated":true}]}}