{"id":636,"date":"2020-04-15T12:44:50","date_gmt":"2020-04-15T10:44:50","guid":{"rendered":"https:\/\/thirsty-elbakyan.194-164-170-140.plesk.page\/?post_type=product&#038;p=636"},"modified":"2022-11-02T14:23:40","modified_gmt":"2022-11-02T12:23:40","slug":"pendiente-plata-rodiada-nacar-y-onix","status":"publish","type":"product","link":"https:\/\/thirsty-elbakyan.194-164-170-140.plesk.page\/?product=pendiente-plata-rodiada-nacar-y-onix","title":{"rendered":"Pendiente plata n\u00e1car y \u00f3nix"},"content":{"rendered":"<p>Pendiente plata n\u00e1car y \u00f3nix<\/p>\n<p>En plata de ley<\/p>\n<p>Medida 18 mm.<\/p>\n<p>Cierre omega<\/p>\n<p>Se env\u00eda con caja, papel de regalo y pegatina<\/p>\n","protected":false},"excerpt":{"rendered":"<p><strong>PENDIENTES NACAR Y ONIX<\/strong><\/p>\n","protected":false},"featured_media":9908,"template":"","meta":[],"product_brand":[],"product_cat":[93,41,21],"product_tag":[647,1006,382,252,245,703],"class_list":{"0":"post-636","1":"product","2":"type-product","3":"status-publish","4":"has-post-thumbnail","6":"product_cat-cierre","7":"product_cat-pendientes-plata","8":"product_cat-plata","9":"product_tag-de-ley","10":"product_tag-nacar","11":"product_tag-onix","12":"product_tag-pendientes","13":"product_tag-plata","14":"product_tag-rodiada","16":"first","17":"instock","18":"sale","19":"taxable","20":"shipping-taxable","21":"purchasable","22":"product-type-simple"},"_links":{"self":[{"href":"https:\/\/thirsty-elbakyan.194-164-170-140.plesk.page\/index.php?rest_route=\/wp\/v2\/product\/636","targetHints":{"allow":["GET"]}}],"collection":[{"href":"https:\/\/thirsty-elbakyan.194-164-170-140.plesk.page\/index.php?rest_route=\/wp\/v2\/product"}],"about":[{"href":"https:\/\/thirsty-elbakyan.194-164-170-140.plesk.page\/index.php?rest_route=\/wp\/v2\/types\/product"}],"wp:featuredmedia":[{"embeddable":true,"href":"https:\/\/thirsty-elbakyan.194-164-170-140.plesk.page\/index.php?rest_route=\/wp\/v2\/media\/9908"}],"wp:attachment":[{"href":"https:\/\/thirsty-elbakyan.194-164-170-140.plesk.page\/index.php?rest_route=%2Fwp%2Fv2%2Fmedia&parent=636"}],"wp:term":[{"taxonomy":"product_brand","embeddable":true,"href":"https:\/\/thirsty-elbakyan.194-164-170-140.plesk.page\/index.php?rest_route=%2Fwp%2Fv2%2Fproduct_brand&post=636"},{"taxonomy":"product_cat","embeddable":true,"href":"https:\/\/thirsty-elbakyan.194-164-170-140.plesk.page\/index.php?rest_route=%2Fwp%2Fv2%2Fproduct_cat&post=636"},{"taxonomy":"product_tag","embeddable":true,"href":"https:\/\/thirsty-elbakyan.194-164-170-140.plesk.page\/index.php?rest_route=%2Fwp%2Fv2%2Fproduct_tag&post=636"}],"curies":[{"name":"wp","href":"https:\/\/api.w.org\/{rel}","templated":true}]}}