{"id":6651,"date":"2021-05-11T20:38:25","date_gmt":"2021-05-11T18:38:25","guid":{"rendered":"https:\/\/thirsty-elbakyan.194-164-170-140.plesk.page\/?post_type=product&#038;p=6651"},"modified":"2025-04-16T18:11:23","modified_gmt":"2025-04-16T16:11:23","slug":"pendientes-de-aro-medidas-12-x-1-5-mm","status":"publish","type":"product","link":"https:\/\/thirsty-elbakyan.194-164-170-140.plesk.page\/?product=pendientes-de-aro-medidas-12-x-1-5-mm","title":{"rendered":"Pendientes de aro medidas 12 x 1.5 mm, oro 18k."},"content":{"rendered":"<p>Pendientes de aro medidas 12 x 1.5 mm, oro 18k.<\/p>\n<p>Medida 12 x 1,50 mm<\/p>\n<p>Para ni\u00f1a o mujer<\/p>\n<p>Aro liso redondos<\/p>\n<p>Sistema de cierre gancho<\/p>\n<p>acabado del pulido en brillo<\/p>\n<p>Todas nuestras joyas se presentan en un elegante estuche, para una presentaci\u00f3n elegante, que asegure satisfacci\u00f3n y confianza en su compra<\/p>\n<ul>\n<li><b>Los pendientes de aro<a href=\"https:\/\/thirsty-elbakyan.194-164-170-140.plesk.page\/oro-de-ley\/\"> oro 18k.<\/a> medidas 12 x 1.5 mm de Joyer\u00eda Bastanchury \u2013 Elegancia y Durabilidad para Cada Ocasi\u00f3n<\/b><\/li>\n<\/ul>\n<p>Descubre la elegancia y durabilidad de nuestros pendientes de aro de oro de 18 quilates, dise\u00f1ados para realzar cualquier estilo. Estos aros de alta calidad ofrecen un brillo excepcional y una resistencia incomparable, gracias a la pureza y al acabado profesional del oro de 18K. Perfectos para a\u00f1adir un toque de sofisticaci\u00f3n a tu look diario o para ocasiones especiales, estos pendientes de aro son un b\u00e1sico para cualquier ocasi\u00f3n.<\/p>\n<p>Fabricados con materiales hipoalerg\u00e9nicos, son seguros para pieles sensibles y presentan un dise\u00f1o cl\u00e1sico que nunca pasa de moda. Disponibles en diferentes tama\u00f1os para adaptarse a tu estilo, desde aros peque\u00f1os y discretos hasta piezas grandes y audaces, nuestros pendientes de aro de oro de 18 quilates son el complemento perfecto para cualquier outfit. \u00a1Eleva tu estilo con la atemporalidad del oro de 18K y brilla en cada ocasi\u00f3n!<\/p>\n<p>-Esta joya tiene la garant\u00eda de oro de 18 kilates, que puede comprobar, en el contraste que lleva la pieza, obtenido de los laboratorios\u00a0 oficiales autorizados\u00a0\u00a0 de verificaci\u00f3n y contraste de metales preciosos espa\u00f1oles acreditados por el ENAC, seg\u00fan la normativa internacional ISO 17025 para la realizaci\u00f3n de oro y plata en objetos\u00a0 de joyer\u00eda. Por lo que cumplimos con la normativa de la ley espa\u00f1ola y europea de metales preciosos<\/p>\n<h4><b>Algunas caracter\u00edsticas comunes en este tipo de joya son:<\/b><\/h4>\n<ul>\n<li><b>Material<\/b>: Oro de 18K, hipoalerg\u00e9nico y seguro para la piel. <b>Dise\u00f1o<\/b>: Cl\u00e1sicos y modernos, ultimas tendencias<\/li>\n<li><b>Tama\u00f1o <\/b>: Diversos tama\u00f1os y grosores<\/li>\n<li><b>Acabado<\/b>: Pulido y suave al tacto para evitar incomodidades.<\/li>\n<\/ul>\n<p>Si deseas m\u00e1s informaci\u00f3n, puedes consultar directamente con Joyer\u00eda Bastanchury para revisar opciones de dise\u00f1o, precios y disponibilidad en sus colecciones.<\/p>\n<p>Consejo:<a href=\"https:\/\/www.youtube.com\/watch?v=GtZS_43ERbs\" rel=\"nofollow noopener\" target=\"_blank\"> como limpiar tus joyas de oro<\/a><\/p>\n<div style=\"width: 720px;\" class=\"wp-video\"><video class=\"wp-video-shortcode\" id=\"video-6651-1\" width=\"720\" height=\"1280\" preload=\"metadata\" controls=\"controls\"><source type=\"video\/mp4\" src=\"https:\/\/thirsty-elbakyan.194-164-170-140.plesk.page\/wp-content\/uploads\/2020\/10\/video-18405-AROS-ORO-AMARILLO-REDONDOS-LISOS-LIGEROS-12X1.50-MM.mp4?_=1\" \/><a href=\"https:\/\/thirsty-elbakyan.194-164-170-140.plesk.page\/wp-content\/uploads\/2020\/10\/video-18405-AROS-ORO-AMARILLO-REDONDOS-LISOS-LIGEROS-12X1.50-MM.mp4\">https:\/\/thirsty-elbakyan.194-164-170-140.plesk.page\/wp-content\/uploads\/2020\/10\/video-18405-AROS-ORO-AMARILLO-REDONDOS-LISOS-LIGEROS-12X1.50-MM.mp4<\/a><\/video><\/div>\n<p>&nbsp;<\/p>\n<p>&nbsp;<\/p>\n","protected":false},"excerpt":{"rendered":"<p><strong>Pendientes de aro medidas 12 x 1.5 mm, oro 18k.<\/strong><\/p>\n","protected":false},"featured_media":6649,"template":"","meta":[],"product_brand":[],"product_cat":[66,20,40],"product_tag":[1317,997,269,477,647,240,242,244,252],"class_list":{"0":"post-6651","1":"product","2":"type-product","3":"status-publish","4":"has-post-thumbnail","6":"product_cat-aros-oro","7":"product_cat-oro","8":"product_cat-pendientes-oro","9":"product_tag-12x1","10":"product_tag-18-quilates","11":"product_tag-5mm","12":"product_tag-aro","13":"product_tag-de-ley","14":"product_tag-mujer","15":"product_tag-nina","16":"product_tag-oro","17":"product_tag-pendientes","19":"first","20":"instock","21":"taxable","22":"shipping-taxable","23":"purchasable","24":"product-type-simple"},"_links":{"self":[{"href":"https:\/\/thirsty-elbakyan.194-164-170-140.plesk.page\/index.php?rest_route=\/wp\/v2\/product\/6651","targetHints":{"allow":["GET"]}}],"collection":[{"href":"https:\/\/thirsty-elbakyan.194-164-170-140.plesk.page\/index.php?rest_route=\/wp\/v2\/product"}],"about":[{"href":"https:\/\/thirsty-elbakyan.194-164-170-140.plesk.page\/index.php?rest_route=\/wp\/v2\/types\/product"}],"wp:featuredmedia":[{"embeddable":true,"href":"https:\/\/thirsty-elbakyan.194-164-170-140.plesk.page\/index.php?rest_route=\/wp\/v2\/media\/6649"}],"wp:attachment":[{"href":"https:\/\/thirsty-elbakyan.194-164-170-140.plesk.page\/index.php?rest_route=%2Fwp%2Fv2%2Fmedia&parent=6651"}],"wp:term":[{"taxonomy":"product_brand","embeddable":true,"href":"https:\/\/thirsty-elbakyan.194-164-170-140.plesk.page\/index.php?rest_route=%2Fwp%2Fv2%2Fproduct_brand&post=6651"},{"taxonomy":"product_cat","embeddable":true,"href":"https:\/\/thirsty-elbakyan.194-164-170-140.plesk.page\/index.php?rest_route=%2Fwp%2Fv2%2Fproduct_cat&post=6651"},{"taxonomy":"product_tag","embeddable":true,"href":"https:\/\/thirsty-elbakyan.194-164-170-140.plesk.page\/index.php?rest_route=%2Fwp%2Fv2%2Fproduct_tag&post=6651"}],"curies":[{"name":"wp","href":"https:\/\/api.w.org\/{rel}","templated":true}]}}