{"id":7027,"date":"2021-06-30T18:43:48","date_gmt":"2021-06-30T16:43:48","guid":{"rendered":"https:\/\/thirsty-elbakyan.194-164-170-140.plesk.page\/?post_type=product&#038;p=7027"},"modified":"2021-07-14T20:03:36","modified_gmt":"2021-07-14T18:03:36","slug":"reloj-nowley-pulsometro-rf-6227-0-1","status":"publish","type":"product","link":"https:\/\/thirsty-elbakyan.194-164-170-140.plesk.page\/?product=reloj-nowley-pulsometro-rf-6227-0-1","title":{"rendered":"Reloj Nowley puls\u00f3metro Rf.6227-0-1"},"content":{"rendered":"<p>Reloj Nowley puls\u00f3metro Rf.6227-0-1<\/p>\n<p>Modo de calculo de frecuencia cardiaca<\/p>\n<p>Pod\u00f3metro, Alarma y cronometro<\/p>\n<p>Dos a\u00f1os de garantia.<\/p>\n<p>Un\u00a0<b>puls\u00f3metro<\/b>\u00a0(o puls\u00edmetro) es un dispositivo que permite a un usuario medir su\u00a0<a title=\"Frecuencia card\u00edaca\" href=\"https:\/\/es.wikipedia.org\/wiki\/Frecuencia_card%C3%ADaca\" rel=\"nofollow noopener\" target=\"_blank\">frecuencia card\u00edaca<\/a>\u00a0en tiempo real. Por lo general consta de dos elementos: una correa transmisora para el pecho y un receptor que puede ser un reloj, un ciclocomputador, nuestro tel\u00e9fono m\u00f3vil, etc. Los modelos m\u00e1s avanzados miden, adem\u00e1s, la variabilidad del ritmo cardiaco para evaluar la capacidad f\u00edsica del deportista.<\/p>\n<p>La cinta del pecho tiene los\u00a0<a title=\"Electrodo\" href=\"https:\/\/es.wikipedia.org\/wiki\/Electrodo\" rel=\"nofollow noopener\" target=\"_blank\">electrodos<\/a>\u00a0en contacto con la piel para controlar electr\u00f3nicamente las pulsaciones del\u00a0<a title=\"Coraz\u00f3n\" href=\"https:\/\/es.wikipedia.org\/wiki\/Coraz%C3%B3n\" rel=\"nofollow noopener\" target=\"_blank\">coraz\u00f3n<\/a>\u00a0(para m\u00e1s detalles ver\u00a0<a title=\"Electrocardiograma\" href=\"https:\/\/es.wikipedia.org\/wiki\/Electrocardiograma\" rel=\"nofollow noopener\" target=\"_blank\">Electrocardiograma<\/a>). Cuando se detectan los latidos del coraz\u00f3n se transmite una se\u00f1al de radio, que el receptor utiliza para determinar la frecuencia card\u00edaca. Esta se\u00f1al puede ser un simple pulso de radio o una sola se\u00f1al codificada desde la correa del pecho, que impide que otro usuario cercano que use tambi\u00e9n un transmisor semejante reciba la se\u00f1al (conocida como\u00a0<a title=\"\" href=\"https:\/\/es.wikipedia.org\/wiki\/Diafon%C3%ADa\" rel=\"nofollow noopener\" target=\"_blank\">diafon\u00eda<\/a>, un tipo de interferencia).<\/p>\n<p>En la actualidad existen puls\u00f3metros mediante el uso de unos emisores led, y unos diodos receptores permiten la medici\u00f3n de la frecuencia card\u00edaca directamente desde la mu\u00f1eca, sin necesidad de utilizar la banda del pecho. Este modelo es uno de ellos<\/p>\n<p><a href=\"https:\/\/thirsty-elbakyan.194-164-170-140.plesk.page\/c\/relojes\/hombre\/relojes-de-hombre-nowley\/\">Reloj Nowley<\/a> <a href=\"https:\/\/es.wikipedia.org\/wiki\/Puls%C3%B3metro\" rel=\"nofollow noopener\" target=\"_blank\">puls\u00f3metro<\/a> Rf.6227-0-1<\/p>\n","protected":false},"excerpt":{"rendered":"<p><strong>RELOJ NOWLEY CON FRECUENCIA CARDIACA<\/strong><\/p>\n","protected":false},"featured_media":7028,"template":"","meta":[],"product_brand":[],"product_cat":[108,107,22],"product_tag":[623,622,694,1375,451,248],"class_list":{"0":"post-7027","1":"product","2":"type-product","3":"status-publish","4":"has-post-thumbnail","6":"product_cat-hombre","7":"product_cat-relojes-de-hombre-nowley","8":"product_cat-relojes","9":"product_tag-alarma","10":"product_tag-cronometro","11":"product_tag-digital","12":"product_tag-frecuencia-cardiaca","13":"product_tag-nowley","14":"product_tag-reloj","16":"first","17":"instock","18":"taxable","19":"shipping-taxable","20":"purchasable","21":"product-type-simple"},"_links":{"self":[{"href":"https:\/\/thirsty-elbakyan.194-164-170-140.plesk.page\/index.php?rest_route=\/wp\/v2\/product\/7027","targetHints":{"allow":["GET"]}}],"collection":[{"href":"https:\/\/thirsty-elbakyan.194-164-170-140.plesk.page\/index.php?rest_route=\/wp\/v2\/product"}],"about":[{"href":"https:\/\/thirsty-elbakyan.194-164-170-140.plesk.page\/index.php?rest_route=\/wp\/v2\/types\/product"}],"wp:featuredmedia":[{"embeddable":true,"href":"https:\/\/thirsty-elbakyan.194-164-170-140.plesk.page\/index.php?rest_route=\/wp\/v2\/media\/7028"}],"wp:attachment":[{"href":"https:\/\/thirsty-elbakyan.194-164-170-140.plesk.page\/index.php?rest_route=%2Fwp%2Fv2%2Fmedia&parent=7027"}],"wp:term":[{"taxonomy":"product_brand","embeddable":true,"href":"https:\/\/thirsty-elbakyan.194-164-170-140.plesk.page\/index.php?rest_route=%2Fwp%2Fv2%2Fproduct_brand&post=7027"},{"taxonomy":"product_cat","embeddable":true,"href":"https:\/\/thirsty-elbakyan.194-164-170-140.plesk.page\/index.php?rest_route=%2Fwp%2Fv2%2Fproduct_cat&post=7027"},{"taxonomy":"product_tag","embeddable":true,"href":"https:\/\/thirsty-elbakyan.194-164-170-140.plesk.page\/index.php?rest_route=%2Fwp%2Fv2%2Fproduct_tag&post=7027"}],"curies":[{"name":"wp","href":"https:\/\/api.w.org\/{rel}","templated":true}]}}