{"id":7036,"date":"2021-07-14T19:18:59","date_gmt":"2021-07-14T17:18:59","guid":{"rendered":"https:\/\/thirsty-elbakyan.194-164-170-140.plesk.page\/?post_type=product&#038;p=7036"},"modified":"2025-01-24T20:31:37","modified_gmt":"2025-01-24T18:31:37","slug":"pulsera-de-san-pablo-de-los-montes","status":"publish","type":"product","link":"https:\/\/thirsty-elbakyan.194-164-170-140.plesk.page\/?product=pulsera-de-san-pablo-de-los-montes","title":{"rendered":"Pulsera de San Pablo de los Montes"},"content":{"rendered":"<p><a href=\"https:\/\/thirsty-elbakyan.194-164-170-140.plesk.page\/c\/plata\/pulseras-plata\/profesiones-y-aficiones\/\">Pulsera<\/a> de San Pablo de los Montes<\/p>\n<p>La pulsera de San Pablo de los Montes, esta fabricada en plata de ley de 925 mil\u00e9simas, y con un ba\u00f1o de rodio, para evitar que se ensucie la plata y conservar su brillo como el primer d\u00eda.<\/p>\n<p>La pulsera esta fabricada con eslab\u00f3n veneciano y entre los colgantes tiene dos bolas de plata.<\/p>\n<p>Tiene cuatro colgantes que representan cosas caracter\u00edsticas de San Pablo de los Montes<\/p>\n<p>La Ermita de la fuente Santa, o de la Virgen de Gracia donde se celebra el ultimo domingo del mes de mayo una romer\u00eda en honor a la Virgen de Gracia.<\/p>\n<p>Tambi\u00e9n existe una ruta de peregrinaje el d\u00eda de la romer\u00eda que transita entre las localidades de Ajofrin hasta la Ermita de la Fuente Santa, denominada \u00bb Ruta del pastor Magdaleno\u00bb<\/p>\n<p>Otro de los colgantes es la Virgen de Gracia, Una tradici\u00f3n medieval mantiene, que en 1262 un pastor conocido por Magdaleno, cuidando sus ganados en el monte de la Morra lo que hoy es la poblaci\u00f3n de San Pablo de los Montes, acudi\u00f3 al lugar en el que unas misteriosas luces brillaban insistentemente, descubriendo entre las claras aguas de un manantial, la imagen de la\u00a0<a href=\"https:\/\/aytosanpablodelosmontes.es\/\" rel=\"nofollow noopener\" target=\"_blank\">Virgen de Gracia<\/a>, una figura diminuta de una altura de unos 5 cm., sin duda una de las m\u00e1s peque\u00f1as que en Espa\u00f1a reciben culto.<\/p>\n<p>El siguiente colgante es un corzo, el duende del bosque, y habitante del monte de San Pablo de los Montes. Un repres\u00e9ntate de la rica fauna de San Pablo de los Montes, que adem\u00e1s cuenta con otros animales como venados, jabal\u00edes, gamos, numerosa fauna menor e incluso con la introducci\u00f3n hace poco del lince Iberico.<\/p>\n<p>Y por ultimo dos hojas de Rebollo, ( <i><b>Quercus pyrenaica ) <\/b><\/i>\u00e1rbol caracter\u00edstico de San pablo, tambi\u00e9n conocido como melojo, quejigo, etc. \u00c1rbol que pertenece al genero de robles y encinas.<\/p>\n<p>&nbsp;<\/p>\n<p>&nbsp;<\/p>\n","protected":false},"excerpt":{"rendered":"<p><strong>PULSERA SAN PABLO DE LOS MONTES<\/strong><\/p>\n","protected":false},"featured_media":8070,"template":"","meta":[],"product_brand":[],"product_cat":[447,59,96],"product_tag":[1383,647,1382,245,249,1384,703,1128,1129],"class_list":{"0":"post-7036","1":"product","2":"type-product","3":"status-publish","4":"has-post-thumbnail","6":"product_cat-profesiones-y-aficiones","7":"product_cat-pulseras-plata","8":"product_cat-sin-piedras","9":"product_tag-corzo","10":"product_tag-de-ley","11":"product_tag-ermita","12":"product_tag-plata","13":"product_tag-pulsera","14":"product_tag-rebollo","15":"product_tag-rodiada","16":"product_tag-san-pablo-de-los-montes","17":"product_tag-virgen-de-gracia","19":"first","20":"instock","21":"taxable","22":"shipping-taxable","23":"purchasable","24":"product-type-simple"},"_links":{"self":[{"href":"https:\/\/thirsty-elbakyan.194-164-170-140.plesk.page\/index.php?rest_route=\/wp\/v2\/product\/7036","targetHints":{"allow":["GET"]}}],"collection":[{"href":"https:\/\/thirsty-elbakyan.194-164-170-140.plesk.page\/index.php?rest_route=\/wp\/v2\/product"}],"about":[{"href":"https:\/\/thirsty-elbakyan.194-164-170-140.plesk.page\/index.php?rest_route=\/wp\/v2\/types\/product"}],"wp:featuredmedia":[{"embeddable":true,"href":"https:\/\/thirsty-elbakyan.194-164-170-140.plesk.page\/index.php?rest_route=\/wp\/v2\/media\/8070"}],"wp:attachment":[{"href":"https:\/\/thirsty-elbakyan.194-164-170-140.plesk.page\/index.php?rest_route=%2Fwp%2Fv2%2Fmedia&parent=7036"}],"wp:term":[{"taxonomy":"product_brand","embeddable":true,"href":"https:\/\/thirsty-elbakyan.194-164-170-140.plesk.page\/index.php?rest_route=%2Fwp%2Fv2%2Fproduct_brand&post=7036"},{"taxonomy":"product_cat","embeddable":true,"href":"https:\/\/thirsty-elbakyan.194-164-170-140.plesk.page\/index.php?rest_route=%2Fwp%2Fv2%2Fproduct_cat&post=7036"},{"taxonomy":"product_tag","embeddable":true,"href":"https:\/\/thirsty-elbakyan.194-164-170-140.plesk.page\/index.php?rest_route=%2Fwp%2Fv2%2Fproduct_tag&post=7036"}],"curies":[{"name":"wp","href":"https:\/\/api.w.org\/{rel}","templated":true}]}}