{"id":7835,"date":"2021-10-27T10:09:33","date_gmt":"2021-10-27T08:09:33","guid":{"rendered":"https:\/\/thirsty-elbakyan.194-164-170-140.plesk.page\/?post_type=product&#038;p=7835"},"modified":"2025-03-17T13:26:11","modified_gmt":"2025-03-17T11:26:11","slug":"esclava-bebe-o-comunion-modelo-hungaro","status":"publish","type":"product","link":"https:\/\/thirsty-elbakyan.194-164-170-140.plesk.page\/?product=esclava-bebe-o-comunion-modelo-hungaro","title":{"rendered":"Esclava beb\u00e9 o comuni\u00f3n modelo h\u00fangaro. Oro 18k"},"content":{"rendered":"<h4>Esclava beb\u00e9 o comuni\u00f3n modelo h\u00fangaro. Oro 18k<\/h4>\n<p>En oro de ley de 18 quilates<\/p>\n<p>Para Comuni\u00f3n o beb\u00e9<\/p>\n<p>Medida de largo 16,5 cm.<\/p>\n<p>Peso 1.58 gr.<\/p>\n<p>Ancho de eslab\u00f3n 3,50 mm.<\/p>\n<p>Chapa matizada con bordes labrados<\/p>\n<p>Medida de chapa 26 x 5,5 mm.<\/p>\n<p>Cierre reasa<\/p>\n<p>Acabado del pulido en brillo<\/p>\n<p>Se puede personalizar<\/p>\n<p>Grabado gratis<\/p>\n<p>Todas nuestras joyas se presentan en un elegante estuche, para una presentaci\u00f3n elegante, que asegure satisfacci\u00f3n y confianza en su compra.<\/p>\n<p>&#8211;\u00a0 La <a href=\"https:\/\/thirsty-elbakyan.194-164-170-140.plesk.page\/c\/oro\/esclavas-oro\/baby\/\">esclava bebe<\/a> o comuni\u00f3n oro 18k. modelo h\u00fangaro.\u00a0 de Joyer\u00eda Bastanchury es un brazalete especial dise\u00f1ado para beb\u00e9s, caracterizado por su delicadeza, suavidad en el dise\u00f1o y el uso de materiales de alta calidad. Al estar hecha de oro de 18K, garantiza un nivel \u00f3ptimo de pureza y resistencia, ideal para una joya infantil.<\/p>\n<p>En general, este tipo de esclavas suelen personalizarse con el nombre del beb\u00e9 grabado en la placa central, haciendo de la pieza un recuerdo muy especial y \u00fanico para celebrar el nacimiento o un evento importante en la vida del ni\u00f1o, como el bautizo.<\/p>\n<p>&#8211; Esta joya tiene la garant\u00eda de oro de 18 kilates, que puede comprobar, en el contraste que lleva la pieza, obtenido de los laboratorios\u00a0 oficiales autorizados\u00a0\u00a0 de verificaci\u00f3n y contraste de metales preciosos espa\u00f1oles acreditados por el ENAC, seg\u00fan la normativa internacional ISO 17025 para la realizaci\u00f3n de oro y plata en objetos\u00a0 de joyer\u00eda. Por lo que cumplimos con la normativa de la ley espa\u00f1ola y europea de metales preciosos<\/p>\n<p>&#8211; Algunas caracter\u00edsticas comunes en este tipo de joya son:<\/p>\n<ul>\n<li><b>Material<\/b>: Oro de 18K, hipoalerg\u00e9nico y seguro para la piel delicada de un beb\u00e9.<\/li>\n<li><b>Dise\u00f1o<\/b>: Placa central para grabado, con bordes lisos y seguros.<\/li>\n<li><b>Tama\u00f1o ajustable<\/b>: Muchas esclavas de beb\u00e9 tienen cierres ajustables para adaptarse al crecimiento del ni\u00f1o.<\/li>\n<li><b>Acabado<\/b>: Pulido y suave al tacto para evitar incomodidades.<\/li>\n<\/ul>\n<p>Si deseas m\u00e1s informaci\u00f3n, puedes consultar directamente con Joyer\u00eda Bastanchury para revisar opciones de dise\u00f1o, precios y disponibilidad en sus colecciones.<\/p>\n<p>Consejo:<a href=\"https:\/\/www.youtube.com\/watch?v=GtZS_43ERbs\" rel=\"nofollow noopener\" target=\"_blank\"> como limpiar tus joyas de oro<\/a><\/p>\n<p>&nbsp;<\/p>\n<p>&nbsp;<\/p>\n","protected":false},"excerpt":{"rendered":"<p><strong>Esclava beb\u00e9 o comuni\u00f3n modelo h\u00fangaro. Oro 18k<\/strong><\/p>\n<p><strong>GRABADO GRATIS<\/strong><\/p>\n<p><strong>ENVIO GRATIS<\/strong><\/p>\n","protected":false},"featured_media":7836,"template":"","meta":[],"product_brand":[],"product_cat":[515,98,519,130,237,100,20],"product_tag":[999,243,247,647,427,570,429,244],"class_list":{"0":"post-7835","1":"product","2":"type-product","3":"status-publish","4":"has-post-thumbnail","6":"product_cat-baby","7":"product_cat-comunion","8":"product_cat-esclavas-oro-esclavas-oro","9":"product_cat-esclavas-oro","10":"product_cat-esclavas-comunion","11":"product_cat-oro-comunion","12":"product_cat-oro","13":"product_tag-18-kilates","14":"product_tag-bebe","15":"product_tag-comunion","16":"product_tag-de-ley","17":"product_tag-esclava","18":"product_tag-eslabon","19":"product_tag-hungaro","20":"product_tag-oro","21":"wcpa_has_options","23":"first","24":"instock","25":"taxable","26":"shipping-taxable","27":"purchasable","28":"product-type-simple"},"_links":{"self":[{"href":"https:\/\/thirsty-elbakyan.194-164-170-140.plesk.page\/index.php?rest_route=\/wp\/v2\/product\/7835","targetHints":{"allow":["GET"]}}],"collection":[{"href":"https:\/\/thirsty-elbakyan.194-164-170-140.plesk.page\/index.php?rest_route=\/wp\/v2\/product"}],"about":[{"href":"https:\/\/thirsty-elbakyan.194-164-170-140.plesk.page\/index.php?rest_route=\/wp\/v2\/types\/product"}],"wp:featuredmedia":[{"embeddable":true,"href":"https:\/\/thirsty-elbakyan.194-164-170-140.plesk.page\/index.php?rest_route=\/wp\/v2\/media\/7836"}],"wp:attachment":[{"href":"https:\/\/thirsty-elbakyan.194-164-170-140.plesk.page\/index.php?rest_route=%2Fwp%2Fv2%2Fmedia&parent=7835"}],"wp:term":[{"taxonomy":"product_brand","embeddable":true,"href":"https:\/\/thirsty-elbakyan.194-164-170-140.plesk.page\/index.php?rest_route=%2Fwp%2Fv2%2Fproduct_brand&post=7835"},{"taxonomy":"product_cat","embeddable":true,"href":"https:\/\/thirsty-elbakyan.194-164-170-140.plesk.page\/index.php?rest_route=%2Fwp%2Fv2%2Fproduct_cat&post=7835"},{"taxonomy":"product_tag","embeddable":true,"href":"https:\/\/thirsty-elbakyan.194-164-170-140.plesk.page\/index.php?rest_route=%2Fwp%2Fv2%2Fproduct_tag&post=7835"}],"curies":[{"name":"wp","href":"https:\/\/api.w.org\/{rel}","templated":true}]}}