{"id":7844,"date":"2021-10-27T11:23:35","date_gmt":"2021-10-27T09:23:35","guid":{"rendered":"https:\/\/thirsty-elbakyan.194-164-170-140.plesk.page\/?post_type=product&#038;p=7844"},"modified":"2025-03-11T22:08:16","modified_gmt":"2025-03-11T20:08:16","slug":"esclava-bebe-eslabon-barbado-2","status":"publish","type":"product","link":"https:\/\/thirsty-elbakyan.194-164-170-140.plesk.page\/?product=esclava-bebe-eslabon-barbado-2","title":{"rendered":"Esclava beb\u00e9 eslab\u00f3n barbado. Oro 18k"},"content":{"rendered":"<h4>Esclava beb\u00e9 eslab\u00f3n barbado. Oro 18k<\/h4>\n<p>En oro de ley de 18 quilates<\/p>\n<p>Medida de lago 14 cm.<\/p>\n<p>Medida de la chapa 22 x 4 mm<\/p>\n<p>Chapa lisa con ligero labrado a los lados<\/p>\n<p>Peso 1.05 gr.<\/p>\n<p>Cierre reasa<\/p>\n<p>Grabado gratis<\/p>\n<p>-Todas nuestras joyas se presentan en un elegante estuche, para una presentaci\u00f3n elegante, que asegure satisfacci\u00f3n y confianza en su compra.<\/p>\n<p>&#8211; La <a href=\"https:\/\/thirsty-elbakyan.194-164-170-140.plesk.page\/c\/oro\/esclavas-oro\/baby\/\">esclava beb\u00e9 oro de 18k<\/a>. modelo barbado,\u00a0 de Joyer\u00eda Bastanchury es un brazalete especial dise\u00f1ado para beb\u00e9s, caracterizado por su delicadeza, suavidad en el dise\u00f1o y el uso de materiales de alta calidad. Al estar hecha de oro de 18K, garantiza un nivel \u00f3ptimo de pureza y resistencia, ideal para una joya infantil.<\/p>\n<p>En general, este tipo de esclavas suelen personalizarse con el nombre del beb\u00e9 grabado en la placa central, haciendo de la pieza un recuerdo muy especial y \u00fanico para celebrar el nacimiento o un evento importante en la vida del ni\u00f1o, como el bautizo.<\/p>\n<p>&#8211; Esta joya tiene la garant\u00eda de oro de 18 kilates, que puede comprobar, en el contraste que lleva la pieza, obtenido de los laboratorios\u00a0 oficiales autorizados\u00a0\u00a0 de verificaci\u00f3n y contraste de metales preciosos espa\u00f1oles acreditados por el ENAC, seg\u00fan la normativa internacional ISO 17025 para la realizaci\u00f3n de oro y plata en objetos\u00a0 de joyer\u00eda. Por lo que cumplimos con la normativa de la ley espa\u00f1ola y europea de metales preciosos<\/p>\n<p>&#8211; Algunas caracter\u00edsticas comunes en este tipo de joya son:<\/p>\n<ul>\n<li><b>Material<\/b>: Oro de 18K, hipoalerg\u00e9nico y seguro para la piel delicada de un beb\u00e9.<\/li>\n<li><b>Dise\u00f1o<\/b>: Placa central para grabado, con bordes lisos y seguros.<\/li>\n<li><b>Tama\u00f1o ajustable<\/b>: Muchas esclavas de beb\u00e9 tienen cierres ajustables para adaptarse al crecimiento del ni\u00f1o.<\/li>\n<li><b>Acabado<\/b>: Pulido y suave al tacto para evitar incomodidades.<\/li>\n<\/ul>\n<p>Si deseas m\u00e1s informaci\u00f3n, puedes consultar directamente con Joyer\u00eda Bastanchury para revisar opciones de dise\u00f1o, precios y disponibilidad en sus colecciones.<\/p>\n<p>Consejo:<a href=\"https:\/\/www.youtube.com\/watch?v=GtZS_43ERbs\" rel=\"nofollow noopener\" target=\"_blank\"> como limpiar tus joyas de oro<\/a><\/p>\n","protected":false},"excerpt":{"rendered":"<p><strong>Esclava beb\u00e9 eslab\u00f3n barbado. Oro 18k<\/strong><\/p>\n<p><strong>ENVIO GRATIS<\/strong><\/p>\n","protected":false},"featured_media":10050,"template":"","meta":[],"product_brand":[],"product_cat":[515,130,20],"product_tag":[997,243,647,427,570,242,244],"class_list":{"0":"post-7844","1":"product","2":"type-product","3":"status-publish","4":"has-post-thumbnail","6":"product_cat-baby","7":"product_cat-esclavas-oro","8":"product_cat-oro","9":"product_tag-18-quilates","10":"product_tag-bebe","11":"product_tag-de-ley","12":"product_tag-esclava","13":"product_tag-eslabon","14":"product_tag-nina","15":"product_tag-oro","16":"wcpa_has_options","18":"first","19":"instock","20":"taxable","21":"shipping-taxable","22":"purchasable","23":"product-type-simple"},"_links":{"self":[{"href":"https:\/\/thirsty-elbakyan.194-164-170-140.plesk.page\/index.php?rest_route=\/wp\/v2\/product\/7844","targetHints":{"allow":["GET"]}}],"collection":[{"href":"https:\/\/thirsty-elbakyan.194-164-170-140.plesk.page\/index.php?rest_route=\/wp\/v2\/product"}],"about":[{"href":"https:\/\/thirsty-elbakyan.194-164-170-140.plesk.page\/index.php?rest_route=\/wp\/v2\/types\/product"}],"wp:featuredmedia":[{"embeddable":true,"href":"https:\/\/thirsty-elbakyan.194-164-170-140.plesk.page\/index.php?rest_route=\/wp\/v2\/media\/10050"}],"wp:attachment":[{"href":"https:\/\/thirsty-elbakyan.194-164-170-140.plesk.page\/index.php?rest_route=%2Fwp%2Fv2%2Fmedia&parent=7844"}],"wp:term":[{"taxonomy":"product_brand","embeddable":true,"href":"https:\/\/thirsty-elbakyan.194-164-170-140.plesk.page\/index.php?rest_route=%2Fwp%2Fv2%2Fproduct_brand&post=7844"},{"taxonomy":"product_cat","embeddable":true,"href":"https:\/\/thirsty-elbakyan.194-164-170-140.plesk.page\/index.php?rest_route=%2Fwp%2Fv2%2Fproduct_cat&post=7844"},{"taxonomy":"product_tag","embeddable":true,"href":"https:\/\/thirsty-elbakyan.194-164-170-140.plesk.page\/index.php?rest_route=%2Fwp%2Fv2%2Fproduct_tag&post=7844"}],"curies":[{"name":"wp","href":"https:\/\/api.w.org\/{rel}","templated":true}]}}