{"id":8889,"date":"2022-05-19T19:39:03","date_gmt":"2022-05-19T17:39:03","guid":{"rendered":"https:\/\/thirsty-elbakyan.194-164-170-140.plesk.page\/?post_type=product&#038;p=8889"},"modified":"2025-03-09T13:41:07","modified_gmt":"2025-03-09T11:41:07","slug":"medalla-comunion-virgen-nina-4","status":"publish","type":"product","link":"https:\/\/thirsty-elbakyan.194-164-170-140.plesk.page\/?product=medalla-comunion-virgen-nina-4","title":{"rendered":"Medalla\u00a0comuni\u00f3n\u00a0Virgen\u00a0ni\u00f1a oro 18 k"},"content":{"rendered":"<p>Medalla comuni\u00f3n Virgen ni\u00f1a oro 18 k<\/p>\n<p>Medida 27 X 21 MM.<\/p>\n<p>Anilla en forma de triangulo<\/p>\n<p>Se\u00a0puede\u00a0adquirir\u00a0con<a href=\"https:\/\/thirsty-elbakyan.194-164-170-140.plesk.page\/c\/oro\/cadenas-oro\/cadenas-eslabones\/\">\u00a0cadena<\/a><\/p>\n<p>Visite\u00a0en\u00a0nuestra\u00a0tienda\u00a0la\u00a0secci\u00f3n\u00a0de\u00a0cadenas<\/p>\n<p>Para\u00a0comuni\u00f3n\u00a0se\u00a0recomienda\u00a0cadena\u00a0de\u00a050\u00a0cm.<\/p>\n<p>Acabado del pulido en brillo<\/p>\n<p>Se\u00a0puede\u00a0grabar\u00a0por\u00a0detr\u00e1s<\/p>\n<p>Grabaci\u00f3n incluida en el precio<\/p>\n<p>Se\u00a0env\u00eda\u00a0en\u00a0caja\u00a0y\u00a0papel\u00a0de\u00a0regalo<\/p>\n<p>&nbsp;<\/p>\n<p>&nbsp;<\/p>\n<p>&nbsp;<\/p>\n","protected":false},"excerpt":{"rendered":"<p><strong>MEDALLA COMUNION VIRGEN NI\u00d1A<\/strong><\/p>\n<p><strong>ENVIO GRATIS<\/strong><\/p>\n","protected":false},"featured_media":8885,"template":"","meta":[],"product_brand":[],"product_cat":[98,68,125,83,82,42,20,100],"product_tag":[997,243,247,647,255,244,1205],"class_list":{"0":"post-8889","1":"product","2":"type-product","3":"status-publish","4":"has-post-thumbnail","6":"product_cat-comunion","7":"product_cat-comunion-oro","8":"product_cat-medallas-oro-comunion","9":"product_cat-medallas-bebe","10":"product_cat-medallas-comunion","11":"product_cat-medallas-oro","12":"product_cat-oro","13":"product_cat-oro-comunion","14":"product_tag-18-quilates","15":"product_tag-bebe","16":"product_tag-comunion","17":"product_tag-de-ley","18":"product_tag-medalla","19":"product_tag-oro","20":"product_tag-virgen-nina","21":"wcpa_has_options","23":"first","24":"instock","25":"taxable","26":"shipping-taxable","27":"purchasable","28":"product-type-simple"},"_links":{"self":[{"href":"https:\/\/thirsty-elbakyan.194-164-170-140.plesk.page\/index.php?rest_route=\/wp\/v2\/product\/8889","targetHints":{"allow":["GET"]}}],"collection":[{"href":"https:\/\/thirsty-elbakyan.194-164-170-140.plesk.page\/index.php?rest_route=\/wp\/v2\/product"}],"about":[{"href":"https:\/\/thirsty-elbakyan.194-164-170-140.plesk.page\/index.php?rest_route=\/wp\/v2\/types\/product"}],"wp:featuredmedia":[{"embeddable":true,"href":"https:\/\/thirsty-elbakyan.194-164-170-140.plesk.page\/index.php?rest_route=\/wp\/v2\/media\/8885"}],"wp:attachment":[{"href":"https:\/\/thirsty-elbakyan.194-164-170-140.plesk.page\/index.php?rest_route=%2Fwp%2Fv2%2Fmedia&parent=8889"}],"wp:term":[{"taxonomy":"product_brand","embeddable":true,"href":"https:\/\/thirsty-elbakyan.194-164-170-140.plesk.page\/index.php?rest_route=%2Fwp%2Fv2%2Fproduct_brand&post=8889"},{"taxonomy":"product_cat","embeddable":true,"href":"https:\/\/thirsty-elbakyan.194-164-170-140.plesk.page\/index.php?rest_route=%2Fwp%2Fv2%2Fproduct_cat&post=8889"},{"taxonomy":"product_tag","embeddable":true,"href":"https:\/\/thirsty-elbakyan.194-164-170-140.plesk.page\/index.php?rest_route=%2Fwp%2Fv2%2Fproduct_tag&post=8889"}],"curies":[{"name":"wp","href":"https:\/\/api.w.org\/{rel}","templated":true}]}}